{"id":8957,"date":"2024-04-08T16:09:52","date_gmt":"2024-04-08T16:09:52","guid":{"rendered":"https:\/\/forjas2000barcelona.com\/producto\/tirador-rodo-desplacat\/"},"modified":"2024-04-08T16:09:52","modified_gmt":"2024-04-08T16:09:52","slug":"tirador-rodo-desplacat","status":"publish","type":"product","link":"https:\/\/forjas2000barcelona.com\/ca\/producto\/tirador-rodo-desplacat\/","title":{"rendered":"Tirador rod\u00f3 despla\u00e7at"},"content":{"rendered":"<p>Tirador despla\u00e7at d\u00b4acer inoxidable polit Qualitat AISI-316.  <\/p>\n<ul>\n<li style=\"list-style-type: none;\">\n<ul>\n<li>45 graus.<\/li>\n<li>A: 55 mm<\/li>\n<\/ul>\n<\/li>\n<\/ul>\n<p>  (Vegeu imatges per comprendre A, L, X)<\/p>\n","protected":false},"excerpt":{"rendered":"<p>Tirador despla\u00e7at d\u00b4acer inoxidable polit Qualitat AISI-316.  <\/p>\n<ul>\n<li style=\"list-style-type: none;\">\n<ul>\n<li>45 graus.<\/li>\n<li>A: 55 mm<\/li>\n<\/ul>\n<\/li>\n<\/ul>\n<p>  (Vegeu imatges per comprendre A, L, X)  &nbsp;<\/p>\n","protected":false},"featured_media":8103,"comment_status":"closed","ping_status":"closed","template":"","meta":[],"product_brand":[],"product_cat":[299],"product_tag":[],"class_list":{"0":"post-8957","1":"product","2":"type-product","3":"status-publish","4":"has-post-thumbnail","6":"product_cat-tiradors","8":"first","9":"instock","10":"taxable","11":"shipping-taxable","12":"purchasable","13":"product-type-variable"},"yoast_head":"<!-- This site is optimized with the Yoast SEO plugin v27.3 - https:\/\/yoast.com\/product\/yoast-seo-wordpress\/ -->\n<title>Tirador rod\u00f3 despla\u00e7at d&#039;acer inoxidable per a portes<\/title>\n<meta name=\"description\" content=\"Tirador rod\u00f3 d&#039;acer inox, tiradors d&#039;acer per a cuines. Tirador per a portes acer inoxidable, tirador d&#039;acer inox per a calaix. Nansa d&#039;acer.\" \/>\n<meta name=\"robots\" content=\"index, follow, max-snippet:-1, max-image-preview:large, max-video-preview:-1\" \/>\n<link rel=\"canonical\" href=\"https:\/\/forjas2000barcelona.com\/ca\/producto\/tirador-rodo-desplacat\/\" \/>\n<meta property=\"og:locale\" content=\"ca_ES\" \/>\n<meta property=\"og:type\" content=\"article\" \/>\n<meta property=\"og:title\" content=\"Tirador rod\u00f3 despla\u00e7at d&#039;acer inoxidable per a portes\" \/>\n<meta property=\"og:description\" content=\"Tirador rod\u00f3 d&#039;acer inox, tiradors d&#039;acer per a cuines. Tirador per a portes acer inoxidable, tirador d&#039;acer inox per a calaix. Nansa d&#039;acer.\" \/>\n<meta property=\"og:url\" content=\"https:\/\/forjas2000barcelona.com\/ca\/producto\/tirador-rodo-desplacat\/\" \/>\n<meta property=\"og:site_name\" content=\"Forjas 2000 - Barandillas escaleras acero inoxidable en Barcelona\" \/>\n<meta property=\"og:image\" content=\"https:\/\/forjas2000barcelona.com\/wp-content\/uploads\/2024\/04\/tirador_inoxidable_forjas2000-1.png\" \/>\n\t<meta property=\"og:image:width\" content=\"900\" \/>\n\t<meta property=\"og:image:height\" content=\"900\" \/>\n\t<meta property=\"og:image:type\" content=\"image\/png\" \/>\n<meta name=\"twitter:card\" content=\"summary_large_image\" \/>\n<script type=\"application\/ld+json\" class=\"yoast-schema-graph\">{\"@context\":\"https:\\\/\\\/schema.org\",\"@graph\":[{\"@type\":\"WebPage\",\"@id\":\"https:\\\/\\\/forjas2000barcelona.com\\\/ca\\\/producto\\\/tirador-rodo-desplacat\\\/\",\"url\":\"https:\\\/\\\/forjas2000barcelona.com\\\/ca\\\/producto\\\/tirador-rodo-desplacat\\\/\",\"name\":\"Tirador rod\u00f3 despla\u00e7at d'acer inoxidable per a portes\",\"isPartOf\":{\"@id\":\"https:\\\/\\\/forjas2000barcelona.com\\\/#website\"},\"primaryImageOfPage\":{\"@id\":\"https:\\\/\\\/forjas2000barcelona.com\\\/ca\\\/producto\\\/tirador-rodo-desplacat\\\/#primaryimage\"},\"image\":{\"@id\":\"https:\\\/\\\/forjas2000barcelona.com\\\/ca\\\/producto\\\/tirador-rodo-desplacat\\\/#primaryimage\"},\"thumbnailUrl\":\"https:\\\/\\\/forjas2000barcelona.com\\\/wp-content\\\/uploads\\\/2024\\\/04\\\/tirador_inoxidable_forjas2000-1.png\",\"datePublished\":\"2024-04-08T16:09:52+00:00\",\"description\":\"Tirador rod\u00f3 d'acer inox, tiradors d'acer per a cuines. Tirador per a portes acer inoxidable, tirador d'acer inox per a calaix. Nansa d'acer.\",\"breadcrumb\":{\"@id\":\"https:\\\/\\\/forjas2000barcelona.com\\\/ca\\\/producto\\\/tirador-rodo-desplacat\\\/#breadcrumb\"},\"inLanguage\":\"ca\",\"potentialAction\":[{\"@type\":\"ReadAction\",\"target\":[\"https:\\\/\\\/forjas2000barcelona.com\\\/ca\\\/producto\\\/tirador-rodo-desplacat\\\/\"]}]},{\"@type\":\"ImageObject\",\"inLanguage\":\"ca\",\"@id\":\"https:\\\/\\\/forjas2000barcelona.com\\\/ca\\\/producto\\\/tirador-rodo-desplacat\\\/#primaryimage\",\"url\":\"https:\\\/\\\/forjas2000barcelona.com\\\/wp-content\\\/uploads\\\/2024\\\/04\\\/tirador_inoxidable_forjas2000-1.png\",\"contentUrl\":\"https:\\\/\\\/forjas2000barcelona.com\\\/wp-content\\\/uploads\\\/2024\\\/04\\\/tirador_inoxidable_forjas2000-1.png\",\"width\":900,\"height\":900,\"caption\":\"tirador inoxidable forges2000 1 png\"},{\"@type\":\"BreadcrumbList\",\"@id\":\"https:\\\/\\\/forjas2000barcelona.com\\\/ca\\\/producto\\\/tirador-rodo-desplacat\\\/#breadcrumb\",\"itemListElement\":[{\"@type\":\"ListItem\",\"position\":1,\"name\":\"Portada\",\"item\":\"https:\\\/\\\/forjas2000barcelona.com\\\/ca\\\/\"},{\"@type\":\"ListItem\",\"position\":2,\"name\":\"Tienda\",\"item\":\"https:\\\/\\\/forjas2000barcelona.com\\\/tienda\\\/\"},{\"@type\":\"ListItem\",\"position\":3,\"name\":\"Tirador rod\u00f3 despla\u00e7at\"}]},{\"@type\":\"WebSite\",\"@id\":\"https:\\\/\\\/forjas2000barcelona.com\\\/#website\",\"url\":\"https:\\\/\\\/forjas2000barcelona.com\\\/\",\"name\":\"Forjas 2000 - Barandillas escaleras acero inoxidable en Barcelona\",\"description\":\"Elementos decorativos en acero inoxidable y forja tradicional. Barandillas de acero inoxidable en Barcelona. Forja y Lat\u00f3n en Barcelona.\",\"potentialAction\":[{\"@type\":\"SearchAction\",\"target\":{\"@type\":\"EntryPoint\",\"urlTemplate\":\"https:\\\/\\\/forjas2000barcelona.com\\\/?s={search_term_string}\"},\"query-input\":{\"@type\":\"PropertyValueSpecification\",\"valueRequired\":true,\"valueName\":\"search_term_string\"}}],\"inLanguage\":\"ca\"}]}<\/script>\n<!-- \/ Yoast SEO plugin. -->","yoast_head_json":{"title":"Tirador rod\u00f3 despla\u00e7at d'acer inoxidable per a portes","description":"Tirador rod\u00f3 d'acer inox, tiradors d'acer per a cuines. Tirador per a portes acer inoxidable, tirador d'acer inox per a calaix. Nansa d'acer.","robots":{"index":"index","follow":"follow","max-snippet":"max-snippet:-1","max-image-preview":"max-image-preview:large","max-video-preview":"max-video-preview:-1"},"canonical":"https:\/\/forjas2000barcelona.com\/ca\/producto\/tirador-rodo-desplacat\/","og_locale":"ca_ES","og_type":"article","og_title":"Tirador rod\u00f3 despla\u00e7at d'acer inoxidable per a portes","og_description":"Tirador rod\u00f3 d'acer inox, tiradors d'acer per a cuines. Tirador per a portes acer inoxidable, tirador d'acer inox per a calaix. Nansa d'acer.","og_url":"https:\/\/forjas2000barcelona.com\/ca\/producto\/tirador-rodo-desplacat\/","og_site_name":"Forjas 2000 - Barandillas escaleras acero inoxidable en Barcelona","og_image":[{"width":900,"height":900,"url":"https:\/\/forjas2000barcelona.com\/wp-content\/uploads\/2024\/04\/tirador_inoxidable_forjas2000-1.png","type":"image\/png"}],"twitter_card":"summary_large_image","schema":{"@context":"https:\/\/schema.org","@graph":[{"@type":"WebPage","@id":"https:\/\/forjas2000barcelona.com\/ca\/producto\/tirador-rodo-desplacat\/","url":"https:\/\/forjas2000barcelona.com\/ca\/producto\/tirador-rodo-desplacat\/","name":"Tirador rod\u00f3 despla\u00e7at d'acer inoxidable per a portes","isPartOf":{"@id":"https:\/\/forjas2000barcelona.com\/#website"},"primaryImageOfPage":{"@id":"https:\/\/forjas2000barcelona.com\/ca\/producto\/tirador-rodo-desplacat\/#primaryimage"},"image":{"@id":"https:\/\/forjas2000barcelona.com\/ca\/producto\/tirador-rodo-desplacat\/#primaryimage"},"thumbnailUrl":"https:\/\/forjas2000barcelona.com\/wp-content\/uploads\/2024\/04\/tirador_inoxidable_forjas2000-1.png","datePublished":"2024-04-08T16:09:52+00:00","description":"Tirador rod\u00f3 d'acer inox, tiradors d'acer per a cuines. Tirador per a portes acer inoxidable, tirador d'acer inox per a calaix. Nansa d'acer.","breadcrumb":{"@id":"https:\/\/forjas2000barcelona.com\/ca\/producto\/tirador-rodo-desplacat\/#breadcrumb"},"inLanguage":"ca","potentialAction":[{"@type":"ReadAction","target":["https:\/\/forjas2000barcelona.com\/ca\/producto\/tirador-rodo-desplacat\/"]}]},{"@type":"ImageObject","inLanguage":"ca","@id":"https:\/\/forjas2000barcelona.com\/ca\/producto\/tirador-rodo-desplacat\/#primaryimage","url":"https:\/\/forjas2000barcelona.com\/wp-content\/uploads\/2024\/04\/tirador_inoxidable_forjas2000-1.png","contentUrl":"https:\/\/forjas2000barcelona.com\/wp-content\/uploads\/2024\/04\/tirador_inoxidable_forjas2000-1.png","width":900,"height":900,"caption":"tirador inoxidable forges2000 1 png"},{"@type":"BreadcrumbList","@id":"https:\/\/forjas2000barcelona.com\/ca\/producto\/tirador-rodo-desplacat\/#breadcrumb","itemListElement":[{"@type":"ListItem","position":1,"name":"Portada","item":"https:\/\/forjas2000barcelona.com\/ca\/"},{"@type":"ListItem","position":2,"name":"Tienda","item":"https:\/\/forjas2000barcelona.com\/tienda\/"},{"@type":"ListItem","position":3,"name":"Tirador rod\u00f3 despla\u00e7at"}]},{"@type":"WebSite","@id":"https:\/\/forjas2000barcelona.com\/#website","url":"https:\/\/forjas2000barcelona.com\/","name":"Forjas 2000 - Barandillas escaleras acero inoxidable en Barcelona","description":"Elementos decorativos en acero inoxidable y forja tradicional. Barandillas de acero inoxidable en Barcelona. Forja y Lat\u00f3n en Barcelona.","potentialAction":[{"@type":"SearchAction","target":{"@type":"EntryPoint","urlTemplate":"https:\/\/forjas2000barcelona.com\/?s={search_term_string}"},"query-input":{"@type":"PropertyValueSpecification","valueRequired":true,"valueName":"search_term_string"}}],"inLanguage":"ca"}]}},"_links":{"self":[{"href":"https:\/\/forjas2000barcelona.com\/ca\/wp-json\/wp\/v2\/product\/8957","targetHints":{"allow":["GET"]}}],"collection":[{"href":"https:\/\/forjas2000barcelona.com\/ca\/wp-json\/wp\/v2\/product"}],"about":[{"href":"https:\/\/forjas2000barcelona.com\/ca\/wp-json\/wp\/v2\/types\/product"}],"replies":[{"embeddable":true,"href":"https:\/\/forjas2000barcelona.com\/ca\/wp-json\/wp\/v2\/comments?post=8957"}],"wp:featuredmedia":[{"embeddable":true,"href":"https:\/\/forjas2000barcelona.com\/ca\/wp-json\/wp\/v2\/media\/8103"}],"wp:attachment":[{"href":"https:\/\/forjas2000barcelona.com\/ca\/wp-json\/wp\/v2\/media?parent=8957"}],"wp:term":[{"taxonomy":"product_brand","embeddable":true,"href":"https:\/\/forjas2000barcelona.com\/ca\/wp-json\/wp\/v2\/product_brand?post=8957"},{"taxonomy":"product_cat","embeddable":true,"href":"https:\/\/forjas2000barcelona.com\/ca\/wp-json\/wp\/v2\/product_cat?post=8957"},{"taxonomy":"product_tag","embeddable":true,"href":"https:\/\/forjas2000barcelona.com\/ca\/wp-json\/wp\/v2\/product_tag?post=8957"}],"curies":[{"name":"wp","href":"https:\/\/api.w.org\/{rel}","templated":true}]}}