{"id":8945,"date":"2024-04-25T16:10:39","date_gmt":"2024-04-25T16:10:39","guid":{"rendered":"https:\/\/forjas2000barcelona.com\/producto\/valona-quadrada-per-a-pinca-de-terra\/"},"modified":"2024-04-25T16:10:39","modified_gmt":"2024-04-25T16:10:39","slug":"valona-quadrada-per-a-pinca-de-terra","status":"publish","type":"product","link":"https:\/\/forjas2000barcelona.com\/ca\/producto\/valona-quadrada-per-a-pinca-de-terra\/","title":{"rendered":"Valona quadrada per a pin\u00e7a de terra"},"content":{"rendered":"<p>Valona quadrada d&#8217;acer inoxidable polit Qualitat AISI-316.  <\/p>\n<ul>\n<li>Quadrat: 100&#215;100<\/li>\n<li>Punx\u00f3: 49 mm<\/li>\n<li>Al\u00e7ada: 26 mm<\/li>\n<\/ul>\n","protected":false},"excerpt":{"rendered":"<p>Valona quadrada d&#8217;acer inoxidable polit Qualitat AISI-316.  <\/p>\n<ul>\n<li>Quadrat: 100&#215;100<\/li>\n<li>Punx\u00f3: 49 mm<\/li>\n<li>Al\u00e7ada: 26 mm<\/li>\n<\/ul>\n","protected":false},"featured_media":8128,"comment_status":"open","ping_status":"closed","template":"","meta":[],"product_brand":[],"product_cat":[306,320],"product_tag":[],"class_list":{"0":"post-8945","1":"product","2":"type-product","3":"status-publish","4":"has-post-thumbnail","6":"product_cat-amb-pinca-de-terra","7":"product_cat-valones-tapes-i-brides","9":"first","10":"instock","11":"taxable","12":"shipping-taxable","13":"purchasable","14":"product-type-simple"},"yoast_head":"<!-- This site is optimized with the Yoast SEO plugin v27.5 - https:\/\/yoast.com\/product\/yoast-seo-wordpress\/ -->\n<title>Valona quadrada d&#039;acer per a pin\u00e7a de terra- Accessoris inox<\/title>\n<meta name=\"description\" content=\"Valona quadrada d&#039;acer inoxidable per a pin\u00e7a de terra. Accessoris per a baranes d&#039;acer inoxidable, pe\u00e7a inox per a baranes d&#039;acer i vidre.\" \/>\n<meta name=\"robots\" content=\"index, follow, max-snippet:-1, max-image-preview:large, max-video-preview:-1\" \/>\n<link rel=\"canonical\" href=\"https:\/\/forjas2000barcelona.com\/ca\/producto\/valona-quadrada-per-a-pinca-de-terra\/\" \/>\n<meta property=\"og:locale\" content=\"ca_ES\" \/>\n<meta property=\"og:type\" content=\"article\" \/>\n<meta property=\"og:title\" content=\"Valona quadrada d&#039;acer per a pin\u00e7a de terra- Accessoris inox\" \/>\n<meta property=\"og:description\" content=\"Valona quadrada d&#039;acer inoxidable per a pin\u00e7a de terra. Accessoris per a baranes d&#039;acer inoxidable, pe\u00e7a inox per a baranes d&#039;acer i vidre.\" \/>\n<meta property=\"og:url\" content=\"https:\/\/forjas2000barcelona.com\/ca\/producto\/valona-quadrada-per-a-pinca-de-terra\/\" \/>\n<meta property=\"og:site_name\" content=\"Forjas 2000 - Barandillas escaleras acero inoxidable en Barcelona\" \/>\n<meta property=\"og:image\" content=\"https:\/\/forjas2000barcelona.com\/wp-content\/uploads\/2024\/04\/valona-cuadrada-pinza-suelo.png\" \/>\n\t<meta property=\"og:image:width\" content=\"900\" \/>\n\t<meta property=\"og:image:height\" content=\"900\" \/>\n\t<meta property=\"og:image:type\" content=\"image\/png\" \/>\n<meta name=\"twitter:card\" content=\"summary_large_image\" \/>\n<script type=\"application\/ld+json\" class=\"yoast-schema-graph\">{\"@context\":\"https:\\\/\\\/schema.org\",\"@graph\":[{\"@type\":\"WebPage\",\"@id\":\"https:\\\/\\\/forjas2000barcelona.com\\\/ca\\\/producto\\\/valona-quadrada-per-a-pinca-de-terra\\\/\",\"url\":\"https:\\\/\\\/forjas2000barcelona.com\\\/ca\\\/producto\\\/valona-quadrada-per-a-pinca-de-terra\\\/\",\"name\":\"Valona quadrada d'acer per a pin\u00e7a de terra- Accessoris inox\",\"isPartOf\":{\"@id\":\"https:\\\/\\\/forjas2000barcelona.com\\\/#website\"},\"primaryImageOfPage\":{\"@id\":\"https:\\\/\\\/forjas2000barcelona.com\\\/ca\\\/producto\\\/valona-quadrada-per-a-pinca-de-terra\\\/#primaryimage\"},\"image\":{\"@id\":\"https:\\\/\\\/forjas2000barcelona.com\\\/ca\\\/producto\\\/valona-quadrada-per-a-pinca-de-terra\\\/#primaryimage\"},\"thumbnailUrl\":\"https:\\\/\\\/forjas2000barcelona.com\\\/wp-content\\\/uploads\\\/2024\\\/04\\\/valona-cuadrada-pinza-suelo.png\",\"datePublished\":\"2024-04-25T16:10:39+00:00\",\"description\":\"Valona quadrada d'acer inoxidable per a pin\u00e7a de terra. Accessoris per a baranes d'acer inoxidable, pe\u00e7a inox per a baranes d'acer i vidre.\",\"breadcrumb\":{\"@id\":\"https:\\\/\\\/forjas2000barcelona.com\\\/ca\\\/producto\\\/valona-quadrada-per-a-pinca-de-terra\\\/#breadcrumb\"},\"inLanguage\":\"ca\",\"potentialAction\":[{\"@type\":\"ReadAction\",\"target\":[\"https:\\\/\\\/forjas2000barcelona.com\\\/ca\\\/producto\\\/valona-quadrada-per-a-pinca-de-terra\\\/\"]}]},{\"@type\":\"ImageObject\",\"inLanguage\":\"ca\",\"@id\":\"https:\\\/\\\/forjas2000barcelona.com\\\/ca\\\/producto\\\/valona-quadrada-per-a-pinca-de-terra\\\/#primaryimage\",\"url\":\"https:\\\/\\\/forjas2000barcelona.com\\\/wp-content\\\/uploads\\\/2024\\\/04\\\/valona-cuadrada-pinza-suelo.png\",\"contentUrl\":\"https:\\\/\\\/forjas2000barcelona.com\\\/wp-content\\\/uploads\\\/2024\\\/04\\\/valona-cuadrada-pinza-suelo.png\",\"width\":900,\"height\":900,\"caption\":\"valona quadrada pin\u00e7a terra png\"},{\"@type\":\"BreadcrumbList\",\"@id\":\"https:\\\/\\\/forjas2000barcelona.com\\\/ca\\\/producto\\\/valona-quadrada-per-a-pinca-de-terra\\\/#breadcrumb\",\"itemListElement\":[{\"@type\":\"ListItem\",\"position\":1,\"name\":\"Portada\",\"item\":\"https:\\\/\\\/forjas2000barcelona.com\\\/ca\\\/\"},{\"@type\":\"ListItem\",\"position\":2,\"name\":\"Tienda\",\"item\":\"https:\\\/\\\/forjas2000barcelona.com\\\/tienda\\\/\"},{\"@type\":\"ListItem\",\"position\":3,\"name\":\"Valona quadrada per a pin\u00e7a de terra\"}]},{\"@type\":\"WebSite\",\"@id\":\"https:\\\/\\\/forjas2000barcelona.com\\\/#website\",\"url\":\"https:\\\/\\\/forjas2000barcelona.com\\\/\",\"name\":\"Forjas 2000 - Barandillas escaleras acero inoxidable en Barcelona\",\"description\":\"Elementos decorativos en acero inoxidable y forja tradicional. Barandillas de acero inoxidable en Barcelona. Forja y Lat\u00f3n en Barcelona.\",\"potentialAction\":[{\"@type\":\"SearchAction\",\"target\":{\"@type\":\"EntryPoint\",\"urlTemplate\":\"https:\\\/\\\/forjas2000barcelona.com\\\/?s={search_term_string}\"},\"query-input\":{\"@type\":\"PropertyValueSpecification\",\"valueRequired\":true,\"valueName\":\"search_term_string\"}}],\"inLanguage\":\"ca\"}]}<\/script>\n<!-- \/ Yoast SEO plugin. -->","yoast_head_json":{"title":"Valona quadrada d'acer per a pin\u00e7a de terra- Accessoris inox","description":"Valona quadrada d'acer inoxidable per a pin\u00e7a de terra. Accessoris per a baranes d'acer inoxidable, pe\u00e7a inox per a baranes d'acer i vidre.","robots":{"index":"index","follow":"follow","max-snippet":"max-snippet:-1","max-image-preview":"max-image-preview:large","max-video-preview":"max-video-preview:-1"},"canonical":"https:\/\/forjas2000barcelona.com\/ca\/producto\/valona-quadrada-per-a-pinca-de-terra\/","og_locale":"ca_ES","og_type":"article","og_title":"Valona quadrada d'acer per a pin\u00e7a de terra- Accessoris inox","og_description":"Valona quadrada d'acer inoxidable per a pin\u00e7a de terra. Accessoris per a baranes d'acer inoxidable, pe\u00e7a inox per a baranes d'acer i vidre.","og_url":"https:\/\/forjas2000barcelona.com\/ca\/producto\/valona-quadrada-per-a-pinca-de-terra\/","og_site_name":"Forjas 2000 - Barandillas escaleras acero inoxidable en Barcelona","og_image":[{"width":900,"height":900,"url":"https:\/\/forjas2000barcelona.com\/wp-content\/uploads\/2024\/04\/valona-cuadrada-pinza-suelo.png","type":"image\/png"}],"twitter_card":"summary_large_image","schema":{"@context":"https:\/\/schema.org","@graph":[{"@type":"WebPage","@id":"https:\/\/forjas2000barcelona.com\/ca\/producto\/valona-quadrada-per-a-pinca-de-terra\/","url":"https:\/\/forjas2000barcelona.com\/ca\/producto\/valona-quadrada-per-a-pinca-de-terra\/","name":"Valona quadrada d'acer per a pin\u00e7a de terra- Accessoris inox","isPartOf":{"@id":"https:\/\/forjas2000barcelona.com\/#website"},"primaryImageOfPage":{"@id":"https:\/\/forjas2000barcelona.com\/ca\/producto\/valona-quadrada-per-a-pinca-de-terra\/#primaryimage"},"image":{"@id":"https:\/\/forjas2000barcelona.com\/ca\/producto\/valona-quadrada-per-a-pinca-de-terra\/#primaryimage"},"thumbnailUrl":"https:\/\/forjas2000barcelona.com\/wp-content\/uploads\/2024\/04\/valona-cuadrada-pinza-suelo.png","datePublished":"2024-04-25T16:10:39+00:00","description":"Valona quadrada d'acer inoxidable per a pin\u00e7a de terra. Accessoris per a baranes d'acer inoxidable, pe\u00e7a inox per a baranes d'acer i vidre.","breadcrumb":{"@id":"https:\/\/forjas2000barcelona.com\/ca\/producto\/valona-quadrada-per-a-pinca-de-terra\/#breadcrumb"},"inLanguage":"ca","potentialAction":[{"@type":"ReadAction","target":["https:\/\/forjas2000barcelona.com\/ca\/producto\/valona-quadrada-per-a-pinca-de-terra\/"]}]},{"@type":"ImageObject","inLanguage":"ca","@id":"https:\/\/forjas2000barcelona.com\/ca\/producto\/valona-quadrada-per-a-pinca-de-terra\/#primaryimage","url":"https:\/\/forjas2000barcelona.com\/wp-content\/uploads\/2024\/04\/valona-cuadrada-pinza-suelo.png","contentUrl":"https:\/\/forjas2000barcelona.com\/wp-content\/uploads\/2024\/04\/valona-cuadrada-pinza-suelo.png","width":900,"height":900,"caption":"valona quadrada pin\u00e7a terra png"},{"@type":"BreadcrumbList","@id":"https:\/\/forjas2000barcelona.com\/ca\/producto\/valona-quadrada-per-a-pinca-de-terra\/#breadcrumb","itemListElement":[{"@type":"ListItem","position":1,"name":"Portada","item":"https:\/\/forjas2000barcelona.com\/ca\/"},{"@type":"ListItem","position":2,"name":"Tienda","item":"https:\/\/forjas2000barcelona.com\/tienda\/"},{"@type":"ListItem","position":3,"name":"Valona quadrada per a pin\u00e7a de terra"}]},{"@type":"WebSite","@id":"https:\/\/forjas2000barcelona.com\/#website","url":"https:\/\/forjas2000barcelona.com\/","name":"Forjas 2000 - Barandillas escaleras acero inoxidable en Barcelona","description":"Elementos decorativos en acero inoxidable y forja tradicional. Barandillas de acero inoxidable en Barcelona. Forja y Lat\u00f3n en Barcelona.","potentialAction":[{"@type":"SearchAction","target":{"@type":"EntryPoint","urlTemplate":"https:\/\/forjas2000barcelona.com\/?s={search_term_string}"},"query-input":{"@type":"PropertyValueSpecification","valueRequired":true,"valueName":"search_term_string"}}],"inLanguage":"ca"}]}},"_links":{"self":[{"href":"https:\/\/forjas2000barcelona.com\/ca\/wp-json\/wp\/v2\/product\/8945","targetHints":{"allow":["GET"]}}],"collection":[{"href":"https:\/\/forjas2000barcelona.com\/ca\/wp-json\/wp\/v2\/product"}],"about":[{"href":"https:\/\/forjas2000barcelona.com\/ca\/wp-json\/wp\/v2\/types\/product"}],"replies":[{"embeddable":true,"href":"https:\/\/forjas2000barcelona.com\/ca\/wp-json\/wp\/v2\/comments?post=8945"}],"wp:featuredmedia":[{"embeddable":true,"href":"https:\/\/forjas2000barcelona.com\/ca\/wp-json\/wp\/v2\/media\/8128"}],"wp:attachment":[{"href":"https:\/\/forjas2000barcelona.com\/ca\/wp-json\/wp\/v2\/media?parent=8945"}],"wp:term":[{"taxonomy":"product_brand","embeddable":true,"href":"https:\/\/forjas2000barcelona.com\/ca\/wp-json\/wp\/v2\/product_brand?post=8945"},{"taxonomy":"product_cat","embeddable":true,"href":"https:\/\/forjas2000barcelona.com\/ca\/wp-json\/wp\/v2\/product_cat?post=8945"},{"taxonomy":"product_tag","embeddable":true,"href":"https:\/\/forjas2000barcelona.com\/ca\/wp-json\/wp\/v2\/product_tag?post=8945"}],"curies":[{"name":"wp","href":"https:\/\/api.w.org\/{rel}","templated":true}]}}