{"id":8903,"date":"2024-04-08T16:11:59","date_gmt":"2024-04-08T16:11:59","guid":{"rendered":"https:\/\/forjas2000barcelona.com\/producto\/connector-inox-x\/"},"modified":"2024-04-08T16:11:59","modified_gmt":"2024-04-08T16:11:59","slug":"connector-inox-x","status":"publish","type":"product","link":"https:\/\/forjas2000barcelona.com\/ca\/producto\/connector-inox-x\/","title":{"rendered":"Connector inox X"},"content":{"rendered":"<div id=\"ProductInfoTabs\" class=\"ui-tabs ui-widget ui-widget-content ui-corner-all epProductInfoTabs ep-js\" data-js=\"\">\n<div id=\"tab-product-description\" class=\"ui-tabs-panel ui-widget-content ui-corner-bottom\" role=\"tabpanel\" aria-labelledby=\"ui-id-1\" aria-hidden=\"false\">\n<div class=\"description\">  Connector d&#8217;acer inoxidable Qualitat AISI-316 polit per a tub rod\u00f3 disponible en dues mides.  <\/div>\n<\/div>\n<\/div>\n","protected":false},"excerpt":{"rendered":"<p>Connector d&#8217;acer inoxidable Qualitat AISI-316 polit per a tub rod\u00f3 disponible en dues mides.<\/p>\n","protected":false},"featured_media":8187,"comment_status":"open","ping_status":"closed","template":"","meta":[],"product_brand":[],"product_cat":[307,308],"product_tag":[],"class_list":{"0":"post-8903","1":"product","2":"type-product","3":"status-publish","4":"has-post-thumbnail","6":"product_cat-connectors-per-a-tub","7":"product_cat-per-a-tub-rodo","9":"first","10":"instock","11":"taxable","12":"shipping-taxable","13":"purchasable","14":"product-type-variable"},"yoast_head":"<!-- This site is optimized with the Yoast SEO plugin v27.6 - https:\/\/yoast.com\/product\/yoast-seo-wordpress\/ -->\n<title>Connector inox X per a tub rod\u00f3-Accessoris barana acer<\/title>\n<meta name=\"description\" content=\"Connector inox X per a tub rod\u00f3. Baranes acer inoxidable. Connector X inox polit tub rod\u00f3 de barana. Accessoris acer inoxidable baranes.\" \/>\n<meta name=\"robots\" content=\"index, follow, max-snippet:-1, max-image-preview:large, max-video-preview:-1\" \/>\n<link rel=\"canonical\" href=\"https:\/\/forjas2000barcelona.com\/ca\/producto\/connector-inox-x\/\" \/>\n<meta property=\"og:locale\" content=\"ca_ES\" \/>\n<meta property=\"og:type\" content=\"article\" \/>\n<meta property=\"og:title\" content=\"Connector inox X per a tub rod\u00f3-Accessoris barana acer\" \/>\n<meta property=\"og:description\" content=\"Connector inox X per a tub rod\u00f3. Baranes acer inoxidable. Connector X inox polit tub rod\u00f3 de barana. Accessoris acer inoxidable baranes.\" \/>\n<meta property=\"og:url\" content=\"https:\/\/forjas2000barcelona.com\/ca\/producto\/connector-inox-x\/\" \/>\n<meta property=\"og:site_name\" content=\"Forjas 2000 - Barandillas escaleras acero inoxidable en Barcelona\" \/>\n<meta property=\"og:image\" content=\"https:\/\/forjas2000barcelona.com\/wp-content\/uploads\/2024\/04\/conector-inox-x.jpg\" \/>\n\t<meta property=\"og:image:width\" content=\"800\" \/>\n\t<meta property=\"og:image:height\" content=\"718\" \/>\n\t<meta property=\"og:image:type\" content=\"image\/jpeg\" \/>\n<meta name=\"twitter:card\" content=\"summary_large_image\" \/>\n<script type=\"application\/ld+json\" class=\"yoast-schema-graph\">{\"@context\":\"https:\\\/\\\/schema.org\",\"@graph\":[{\"@type\":\"WebPage\",\"@id\":\"https:\\\/\\\/forjas2000barcelona.com\\\/ca\\\/producto\\\/connector-inox-x\\\/\",\"url\":\"https:\\\/\\\/forjas2000barcelona.com\\\/ca\\\/producto\\\/connector-inox-x\\\/\",\"name\":\"Connector inox X per a tub rod\u00f3-Accessoris barana acer\",\"isPartOf\":{\"@id\":\"https:\\\/\\\/forjas2000barcelona.com\\\/#website\"},\"primaryImageOfPage\":{\"@id\":\"https:\\\/\\\/forjas2000barcelona.com\\\/ca\\\/producto\\\/connector-inox-x\\\/#primaryimage\"},\"image\":{\"@id\":\"https:\\\/\\\/forjas2000barcelona.com\\\/ca\\\/producto\\\/connector-inox-x\\\/#primaryimage\"},\"thumbnailUrl\":\"https:\\\/\\\/forjas2000barcelona.com\\\/wp-content\\\/uploads\\\/2024\\\/04\\\/conector-inox-x.jpg\",\"datePublished\":\"2024-04-08T16:11:59+00:00\",\"description\":\"Connector inox X per a tub rod\u00f3. Baranes acer inoxidable. Connector X inox polit tub rod\u00f3 de barana. Accessoris acer inoxidable baranes.\",\"breadcrumb\":{\"@id\":\"https:\\\/\\\/forjas2000barcelona.com\\\/ca\\\/producto\\\/connector-inox-x\\\/#breadcrumb\"},\"inLanguage\":\"ca\",\"potentialAction\":[{\"@type\":\"ReadAction\",\"target\":[\"https:\\\/\\\/forjas2000barcelona.com\\\/ca\\\/producto\\\/connector-inox-x\\\/\"]}]},{\"@type\":\"ImageObject\",\"inLanguage\":\"ca\",\"@id\":\"https:\\\/\\\/forjas2000barcelona.com\\\/ca\\\/producto\\\/connector-inox-x\\\/#primaryimage\",\"url\":\"https:\\\/\\\/forjas2000barcelona.com\\\/wp-content\\\/uploads\\\/2024\\\/04\\\/conector-inox-x.jpg\",\"contentUrl\":\"https:\\\/\\\/forjas2000barcelona.com\\\/wp-content\\\/uploads\\\/2024\\\/04\\\/conector-inox-x.jpg\",\"width\":800,\"height\":718,\"caption\":\"connector inox x jpg\"},{\"@type\":\"BreadcrumbList\",\"@id\":\"https:\\\/\\\/forjas2000barcelona.com\\\/ca\\\/producto\\\/connector-inox-x\\\/#breadcrumb\",\"itemListElement\":[{\"@type\":\"ListItem\",\"position\":1,\"name\":\"Portada\",\"item\":\"https:\\\/\\\/forjas2000barcelona.com\\\/ca\\\/\"},{\"@type\":\"ListItem\",\"position\":2,\"name\":\"Tienda\",\"item\":\"https:\\\/\\\/forjas2000barcelona.com\\\/tienda\\\/\"},{\"@type\":\"ListItem\",\"position\":3,\"name\":\"Connector inox X\"}]},{\"@type\":\"WebSite\",\"@id\":\"https:\\\/\\\/forjas2000barcelona.com\\\/#website\",\"url\":\"https:\\\/\\\/forjas2000barcelona.com\\\/\",\"name\":\"Forjas 2000 - Barandillas escaleras acero inoxidable en Barcelona\",\"description\":\"Elementos decorativos en acero inoxidable y forja tradicional. Barandillas de acero inoxidable en Barcelona. Forja y Lat\u00f3n en Barcelona.\",\"potentialAction\":[{\"@type\":\"SearchAction\",\"target\":{\"@type\":\"EntryPoint\",\"urlTemplate\":\"https:\\\/\\\/forjas2000barcelona.com\\\/?s={search_term_string}\"},\"query-input\":{\"@type\":\"PropertyValueSpecification\",\"valueRequired\":true,\"valueName\":\"search_term_string\"}}],\"inLanguage\":\"ca\"}]}<\/script>\n<!-- \/ Yoast SEO plugin. -->","yoast_head_json":{"title":"Connector inox X per a tub rod\u00f3-Accessoris barana acer","description":"Connector inox X per a tub rod\u00f3. Baranes acer inoxidable. Connector X inox polit tub rod\u00f3 de barana. Accessoris acer inoxidable baranes.","robots":{"index":"index","follow":"follow","max-snippet":"max-snippet:-1","max-image-preview":"max-image-preview:large","max-video-preview":"max-video-preview:-1"},"canonical":"https:\/\/forjas2000barcelona.com\/ca\/producto\/connector-inox-x\/","og_locale":"ca_ES","og_type":"article","og_title":"Connector inox X per a tub rod\u00f3-Accessoris barana acer","og_description":"Connector inox X per a tub rod\u00f3. Baranes acer inoxidable. Connector X inox polit tub rod\u00f3 de barana. Accessoris acer inoxidable baranes.","og_url":"https:\/\/forjas2000barcelona.com\/ca\/producto\/connector-inox-x\/","og_site_name":"Forjas 2000 - Barandillas escaleras acero inoxidable en Barcelona","og_image":[{"width":800,"height":718,"url":"https:\/\/forjas2000barcelona.com\/wp-content\/uploads\/2024\/04\/conector-inox-x.jpg","type":"image\/jpeg"}],"twitter_card":"summary_large_image","schema":{"@context":"https:\/\/schema.org","@graph":[{"@type":"WebPage","@id":"https:\/\/forjas2000barcelona.com\/ca\/producto\/connector-inox-x\/","url":"https:\/\/forjas2000barcelona.com\/ca\/producto\/connector-inox-x\/","name":"Connector inox X per a tub rod\u00f3-Accessoris barana acer","isPartOf":{"@id":"https:\/\/forjas2000barcelona.com\/#website"},"primaryImageOfPage":{"@id":"https:\/\/forjas2000barcelona.com\/ca\/producto\/connector-inox-x\/#primaryimage"},"image":{"@id":"https:\/\/forjas2000barcelona.com\/ca\/producto\/connector-inox-x\/#primaryimage"},"thumbnailUrl":"https:\/\/forjas2000barcelona.com\/wp-content\/uploads\/2024\/04\/conector-inox-x.jpg","datePublished":"2024-04-08T16:11:59+00:00","description":"Connector inox X per a tub rod\u00f3. Baranes acer inoxidable. Connector X inox polit tub rod\u00f3 de barana. Accessoris acer inoxidable baranes.","breadcrumb":{"@id":"https:\/\/forjas2000barcelona.com\/ca\/producto\/connector-inox-x\/#breadcrumb"},"inLanguage":"ca","potentialAction":[{"@type":"ReadAction","target":["https:\/\/forjas2000barcelona.com\/ca\/producto\/connector-inox-x\/"]}]},{"@type":"ImageObject","inLanguage":"ca","@id":"https:\/\/forjas2000barcelona.com\/ca\/producto\/connector-inox-x\/#primaryimage","url":"https:\/\/forjas2000barcelona.com\/wp-content\/uploads\/2024\/04\/conector-inox-x.jpg","contentUrl":"https:\/\/forjas2000barcelona.com\/wp-content\/uploads\/2024\/04\/conector-inox-x.jpg","width":800,"height":718,"caption":"connector inox x jpg"},{"@type":"BreadcrumbList","@id":"https:\/\/forjas2000barcelona.com\/ca\/producto\/connector-inox-x\/#breadcrumb","itemListElement":[{"@type":"ListItem","position":1,"name":"Portada","item":"https:\/\/forjas2000barcelona.com\/ca\/"},{"@type":"ListItem","position":2,"name":"Tienda","item":"https:\/\/forjas2000barcelona.com\/tienda\/"},{"@type":"ListItem","position":3,"name":"Connector inox X"}]},{"@type":"WebSite","@id":"https:\/\/forjas2000barcelona.com\/#website","url":"https:\/\/forjas2000barcelona.com\/","name":"Forjas 2000 - Barandillas escaleras acero inoxidable en Barcelona","description":"Elementos decorativos en acero inoxidable y forja tradicional. Barandillas de acero inoxidable en Barcelona. Forja y Lat\u00f3n en Barcelona.","potentialAction":[{"@type":"SearchAction","target":{"@type":"EntryPoint","urlTemplate":"https:\/\/forjas2000barcelona.com\/?s={search_term_string}"},"query-input":{"@type":"PropertyValueSpecification","valueRequired":true,"valueName":"search_term_string"}}],"inLanguage":"ca"}]}},"_links":{"self":[{"href":"https:\/\/forjas2000barcelona.com\/ca\/wp-json\/wp\/v2\/product\/8903","targetHints":{"allow":["GET"]}}],"collection":[{"href":"https:\/\/forjas2000barcelona.com\/ca\/wp-json\/wp\/v2\/product"}],"about":[{"href":"https:\/\/forjas2000barcelona.com\/ca\/wp-json\/wp\/v2\/types\/product"}],"replies":[{"embeddable":true,"href":"https:\/\/forjas2000barcelona.com\/ca\/wp-json\/wp\/v2\/comments?post=8903"}],"wp:featuredmedia":[{"embeddable":true,"href":"https:\/\/forjas2000barcelona.com\/ca\/wp-json\/wp\/v2\/media\/8187"}],"wp:attachment":[{"href":"https:\/\/forjas2000barcelona.com\/ca\/wp-json\/wp\/v2\/media?parent=8903"}],"wp:term":[{"taxonomy":"product_brand","embeddable":true,"href":"https:\/\/forjas2000barcelona.com\/ca\/wp-json\/wp\/v2\/product_brand?post=8903"},{"taxonomy":"product_cat","embeddable":true,"href":"https:\/\/forjas2000barcelona.com\/ca\/wp-json\/wp\/v2\/product_cat?post=8903"},{"taxonomy":"product_tag","embeddable":true,"href":"https:\/\/forjas2000barcelona.com\/ca\/wp-json\/wp\/v2\/product_tag?post=8903"}],"curies":[{"name":"wp","href":"https:\/\/api.w.org\/{rel}","templated":true}]}}