{"id":8687,"date":"2024-04-08T16:09:50","date_gmt":"2024-04-08T16:09:50","guid":{"rendered":"https:\/\/forjas2000barcelona.com\/producto\/pinca-rodona-per-a-tub-quadrat-o-paret\/"},"modified":"2024-04-08T16:09:50","modified_gmt":"2024-04-08T16:09:50","slug":"pinca-rodona-per-a-tub-quadrat-o-paret","status":"publish","type":"product","link":"https:\/\/forjas2000barcelona.com\/ca\/producto\/pinca-rodona-per-a-tub-quadrat-o-paret\/","title":{"rendered":"Pin\u00e7a rodona per a tub quadrat o paret"},"content":{"rendered":"<p>Pin\u00e7a rodona d&#8217;acer inoxidable qualitat AISI-316 per a tub quadrat o paret. R\u00e0dio pla.  &nbsp;<\/p>\n","protected":false},"excerpt":{"rendered":"<p>Pin\u00e7a rodona d&#8217;acer inoxidable Qualitat AISI-316 per a tub quadrat disponible en dues mides i acabats.  <\/p>\n<ul>\n<li>R\u00e0dio pla.<\/li>\n<\/ul>\n","protected":false},"featured_media":8095,"comment_status":"closed","ping_status":"closed","template":"","meta":[],"product_brand":[],"product_cat":[298],"product_tag":[],"class_list":{"0":"post-8687","1":"product","2":"type-product","3":"status-publish","4":"has-post-thumbnail","6":"product_cat-pinces-per-a-vidre","8":"first","9":"instock","10":"taxable","11":"shipping-taxable","12":"purchasable","13":"product-type-variable"},"yoast_head":"<!-- This site is optimized with the Yoast SEO plugin v27.3 - https:\/\/yoast.com\/product\/yoast-seo-wordpress\/ -->\n<title>Pin\u00e7a d&#039;acer inoxidable rodona per a tub quadrat o paret<\/title>\n<meta name=\"description\" content=\"Pin\u00e7a acer inoxidable per a vidre. Pin\u00e7a rodona per a tub quadrat o paret d&#039;acer inox. Pin\u00e7a inox per subjectar vidre de 8\/10\/12mm a baranes.\" \/>\n<meta name=\"robots\" content=\"index, follow, max-snippet:-1, max-image-preview:large, max-video-preview:-1\" \/>\n<link rel=\"canonical\" href=\"https:\/\/forjas2000barcelona.com\/ca\/producto\/pinca-rodona-per-a-tub-quadrat-o-paret\/\" \/>\n<meta property=\"og:locale\" content=\"ca_ES\" \/>\n<meta property=\"og:type\" content=\"article\" \/>\n<meta property=\"og:title\" content=\"Pin\u00e7a d&#039;acer inoxidable rodona per a tub quadrat o paret\" \/>\n<meta property=\"og:description\" content=\"Pin\u00e7a acer inoxidable per a vidre. Pin\u00e7a rodona per a tub quadrat o paret d&#039;acer inox. Pin\u00e7a inox per subjectar vidre de 8\/10\/12mm a baranes.\" \/>\n<meta property=\"og:url\" content=\"https:\/\/forjas2000barcelona.com\/ca\/producto\/pinca-rodona-per-a-tub-quadrat-o-paret\/\" \/>\n<meta property=\"og:site_name\" content=\"Forjas 2000 - Barandillas escaleras acero inoxidable en Barcelona\" \/>\n<meta property=\"og:image\" content=\"https:\/\/forjas2000barcelona.com\/wp-content\/uploads\/2024\/04\/Pinza-inox-redonda.jpg\" \/>\n\t<meta property=\"og:image:width\" content=\"800\" \/>\n\t<meta property=\"og:image:height\" content=\"737\" \/>\n\t<meta property=\"og:image:type\" content=\"image\/jpeg\" \/>\n<meta name=\"twitter:card\" content=\"summary_large_image\" \/>\n<script type=\"application\/ld+json\" class=\"yoast-schema-graph\">{\"@context\":\"https:\\\/\\\/schema.org\",\"@graph\":[{\"@type\":\"WebPage\",\"@id\":\"https:\\\/\\\/forjas2000barcelona.com\\\/ca\\\/producto\\\/pinca-rodona-per-a-tub-quadrat-o-paret\\\/\",\"url\":\"https:\\\/\\\/forjas2000barcelona.com\\\/ca\\\/producto\\\/pinca-rodona-per-a-tub-quadrat-o-paret\\\/\",\"name\":\"Pin\u00e7a d'acer inoxidable rodona per a tub quadrat o paret\",\"isPartOf\":{\"@id\":\"https:\\\/\\\/forjas2000barcelona.com\\\/#website\"},\"primaryImageOfPage\":{\"@id\":\"https:\\\/\\\/forjas2000barcelona.com\\\/ca\\\/producto\\\/pinca-rodona-per-a-tub-quadrat-o-paret\\\/#primaryimage\"},\"image\":{\"@id\":\"https:\\\/\\\/forjas2000barcelona.com\\\/ca\\\/producto\\\/pinca-rodona-per-a-tub-quadrat-o-paret\\\/#primaryimage\"},\"thumbnailUrl\":\"https:\\\/\\\/forjas2000barcelona.com\\\/wp-content\\\/uploads\\\/2024\\\/04\\\/Pinza-inox-redonda.jpg\",\"datePublished\":\"2024-04-08T16:09:50+00:00\",\"description\":\"Pin\u00e7a acer inoxidable per a vidre. Pin\u00e7a rodona per a tub quadrat o paret d'acer inox. Pin\u00e7a inox per subjectar vidre de 8\\\/10\\\/12mm a baranes.\",\"breadcrumb\":{\"@id\":\"https:\\\/\\\/forjas2000barcelona.com\\\/ca\\\/producto\\\/pinca-rodona-per-a-tub-quadrat-o-paret\\\/#breadcrumb\"},\"inLanguage\":\"ca\",\"potentialAction\":[{\"@type\":\"ReadAction\",\"target\":[\"https:\\\/\\\/forjas2000barcelona.com\\\/ca\\\/producto\\\/pinca-rodona-per-a-tub-quadrat-o-paret\\\/\"]}]},{\"@type\":\"ImageObject\",\"inLanguage\":\"ca\",\"@id\":\"https:\\\/\\\/forjas2000barcelona.com\\\/ca\\\/producto\\\/pinca-rodona-per-a-tub-quadrat-o-paret\\\/#primaryimage\",\"url\":\"https:\\\/\\\/forjas2000barcelona.com\\\/wp-content\\\/uploads\\\/2024\\\/04\\\/Pinza-inox-redonda.jpg\",\"contentUrl\":\"https:\\\/\\\/forjas2000barcelona.com\\\/wp-content\\\/uploads\\\/2024\\\/04\\\/Pinza-inox-redonda.jpg\",\"width\":800,\"height\":737,\"caption\":\"Pin\u00e7a inox rodona jpg\"},{\"@type\":\"BreadcrumbList\",\"@id\":\"https:\\\/\\\/forjas2000barcelona.com\\\/ca\\\/producto\\\/pinca-rodona-per-a-tub-quadrat-o-paret\\\/#breadcrumb\",\"itemListElement\":[{\"@type\":\"ListItem\",\"position\":1,\"name\":\"Portada\",\"item\":\"https:\\\/\\\/forjas2000barcelona.com\\\/ca\\\/\"},{\"@type\":\"ListItem\",\"position\":2,\"name\":\"Tienda\",\"item\":\"https:\\\/\\\/forjas2000barcelona.com\\\/tienda\\\/\"},{\"@type\":\"ListItem\",\"position\":3,\"name\":\"Pin\u00e7a rodona per a tub quadrat o paret\"}]},{\"@type\":\"WebSite\",\"@id\":\"https:\\\/\\\/forjas2000barcelona.com\\\/#website\",\"url\":\"https:\\\/\\\/forjas2000barcelona.com\\\/\",\"name\":\"Forjas 2000 - Barandillas escaleras acero inoxidable en Barcelona\",\"description\":\"Elementos decorativos en acero inoxidable y forja tradicional. Barandillas de acero inoxidable en Barcelona. Forja y Lat\u00f3n en Barcelona.\",\"potentialAction\":[{\"@type\":\"SearchAction\",\"target\":{\"@type\":\"EntryPoint\",\"urlTemplate\":\"https:\\\/\\\/forjas2000barcelona.com\\\/?s={search_term_string}\"},\"query-input\":{\"@type\":\"PropertyValueSpecification\",\"valueRequired\":true,\"valueName\":\"search_term_string\"}}],\"inLanguage\":\"ca\"}]}<\/script>\n<!-- \/ Yoast SEO plugin. -->","yoast_head_json":{"title":"Pin\u00e7a d'acer inoxidable rodona per a tub quadrat o paret","description":"Pin\u00e7a acer inoxidable per a vidre. Pin\u00e7a rodona per a tub quadrat o paret d'acer inox. Pin\u00e7a inox per subjectar vidre de 8\/10\/12mm a baranes.","robots":{"index":"index","follow":"follow","max-snippet":"max-snippet:-1","max-image-preview":"max-image-preview:large","max-video-preview":"max-video-preview:-1"},"canonical":"https:\/\/forjas2000barcelona.com\/ca\/producto\/pinca-rodona-per-a-tub-quadrat-o-paret\/","og_locale":"ca_ES","og_type":"article","og_title":"Pin\u00e7a d'acer inoxidable rodona per a tub quadrat o paret","og_description":"Pin\u00e7a acer inoxidable per a vidre. Pin\u00e7a rodona per a tub quadrat o paret d'acer inox. Pin\u00e7a inox per subjectar vidre de 8\/10\/12mm a baranes.","og_url":"https:\/\/forjas2000barcelona.com\/ca\/producto\/pinca-rodona-per-a-tub-quadrat-o-paret\/","og_site_name":"Forjas 2000 - Barandillas escaleras acero inoxidable en Barcelona","og_image":[{"width":800,"height":737,"url":"https:\/\/forjas2000barcelona.com\/wp-content\/uploads\/2024\/04\/Pinza-inox-redonda.jpg","type":"image\/jpeg"}],"twitter_card":"summary_large_image","schema":{"@context":"https:\/\/schema.org","@graph":[{"@type":"WebPage","@id":"https:\/\/forjas2000barcelona.com\/ca\/producto\/pinca-rodona-per-a-tub-quadrat-o-paret\/","url":"https:\/\/forjas2000barcelona.com\/ca\/producto\/pinca-rodona-per-a-tub-quadrat-o-paret\/","name":"Pin\u00e7a d'acer inoxidable rodona per a tub quadrat o paret","isPartOf":{"@id":"https:\/\/forjas2000barcelona.com\/#website"},"primaryImageOfPage":{"@id":"https:\/\/forjas2000barcelona.com\/ca\/producto\/pinca-rodona-per-a-tub-quadrat-o-paret\/#primaryimage"},"image":{"@id":"https:\/\/forjas2000barcelona.com\/ca\/producto\/pinca-rodona-per-a-tub-quadrat-o-paret\/#primaryimage"},"thumbnailUrl":"https:\/\/forjas2000barcelona.com\/wp-content\/uploads\/2024\/04\/Pinza-inox-redonda.jpg","datePublished":"2024-04-08T16:09:50+00:00","description":"Pin\u00e7a acer inoxidable per a vidre. Pin\u00e7a rodona per a tub quadrat o paret d'acer inox. Pin\u00e7a inox per subjectar vidre de 8\/10\/12mm a baranes.","breadcrumb":{"@id":"https:\/\/forjas2000barcelona.com\/ca\/producto\/pinca-rodona-per-a-tub-quadrat-o-paret\/#breadcrumb"},"inLanguage":"ca","potentialAction":[{"@type":"ReadAction","target":["https:\/\/forjas2000barcelona.com\/ca\/producto\/pinca-rodona-per-a-tub-quadrat-o-paret\/"]}]},{"@type":"ImageObject","inLanguage":"ca","@id":"https:\/\/forjas2000barcelona.com\/ca\/producto\/pinca-rodona-per-a-tub-quadrat-o-paret\/#primaryimage","url":"https:\/\/forjas2000barcelona.com\/wp-content\/uploads\/2024\/04\/Pinza-inox-redonda.jpg","contentUrl":"https:\/\/forjas2000barcelona.com\/wp-content\/uploads\/2024\/04\/Pinza-inox-redonda.jpg","width":800,"height":737,"caption":"Pin\u00e7a inox rodona jpg"},{"@type":"BreadcrumbList","@id":"https:\/\/forjas2000barcelona.com\/ca\/producto\/pinca-rodona-per-a-tub-quadrat-o-paret\/#breadcrumb","itemListElement":[{"@type":"ListItem","position":1,"name":"Portada","item":"https:\/\/forjas2000barcelona.com\/ca\/"},{"@type":"ListItem","position":2,"name":"Tienda","item":"https:\/\/forjas2000barcelona.com\/tienda\/"},{"@type":"ListItem","position":3,"name":"Pin\u00e7a rodona per a tub quadrat o paret"}]},{"@type":"WebSite","@id":"https:\/\/forjas2000barcelona.com\/#website","url":"https:\/\/forjas2000barcelona.com\/","name":"Forjas 2000 - Barandillas escaleras acero inoxidable en Barcelona","description":"Elementos decorativos en acero inoxidable y forja tradicional. Barandillas de acero inoxidable en Barcelona. Forja y Lat\u00f3n en Barcelona.","potentialAction":[{"@type":"SearchAction","target":{"@type":"EntryPoint","urlTemplate":"https:\/\/forjas2000barcelona.com\/?s={search_term_string}"},"query-input":{"@type":"PropertyValueSpecification","valueRequired":true,"valueName":"search_term_string"}}],"inLanguage":"ca"}]}},"_links":{"self":[{"href":"https:\/\/forjas2000barcelona.com\/ca\/wp-json\/wp\/v2\/product\/8687","targetHints":{"allow":["GET"]}}],"collection":[{"href":"https:\/\/forjas2000barcelona.com\/ca\/wp-json\/wp\/v2\/product"}],"about":[{"href":"https:\/\/forjas2000barcelona.com\/ca\/wp-json\/wp\/v2\/types\/product"}],"replies":[{"embeddable":true,"href":"https:\/\/forjas2000barcelona.com\/ca\/wp-json\/wp\/v2\/comments?post=8687"}],"wp:featuredmedia":[{"embeddable":true,"href":"https:\/\/forjas2000barcelona.com\/ca\/wp-json\/wp\/v2\/media\/8095"}],"wp:attachment":[{"href":"https:\/\/forjas2000barcelona.com\/ca\/wp-json\/wp\/v2\/media?parent=8687"}],"wp:term":[{"taxonomy":"product_brand","embeddable":true,"href":"https:\/\/forjas2000barcelona.com\/ca\/wp-json\/wp\/v2\/product_brand?post=8687"},{"taxonomy":"product_cat","embeddable":true,"href":"https:\/\/forjas2000barcelona.com\/ca\/wp-json\/wp\/v2\/product_cat?post=8687"},{"taxonomy":"product_tag","embeddable":true,"href":"https:\/\/forjas2000barcelona.com\/ca\/wp-json\/wp\/v2\/product_tag?post=8687"}],"curies":[{"name":"wp","href":"https:\/\/api.w.org\/{rel}","templated":true}]}}