{"id":8681,"date":"2024-04-08T16:09:51","date_gmt":"2024-04-08T16:09:51","guid":{"rendered":"https:\/\/forjas2000barcelona.com\/producto\/pinca-lateral-rodona\/"},"modified":"2024-04-08T16:09:51","modified_gmt":"2024-04-08T16:09:51","slug":"pinca-lateral-rodona","status":"publish","type":"product","link":"https:\/\/forjas2000barcelona.com\/ca\/producto\/pinca-lateral-rodona\/","title":{"rendered":"Pin\u00e7a lateral rodona"},"content":{"rendered":"<p>Subjecci\u00f3 lateral d&#8217;acer inoxidable polit Qualitat AISI-316  <\/p>\n<ul>\n<li>M\u00e8trica: 12 mm<\/li>\n<li>Vidre: 08\/18<\/li>\n<\/ul>\n","protected":false},"excerpt":{"rendered":"<p>Subjecci\u00f3 lateral d&#8217;acer inoxidable polit Qualitat AISI-316  <\/p>\n<ul>\n<li>M\u00e8trica: 12 mm<\/li>\n<li>Vidre: 08\/18<\/li>\n<\/ul>\n","protected":false},"featured_media":8096,"comment_status":"closed","ping_status":"closed","template":"","meta":[],"product_brand":[],"product_cat":[300,298],"product_tag":[],"class_list":{"0":"post-8681","1":"product","2":"type-product","3":"status-publish","4":"has-post-thumbnail","6":"product_cat-amb-pinca-lateral","7":"product_cat-pinces-per-a-vidre","9":"first","10":"instock","11":"taxable","12":"shipping-taxable","13":"purchasable","14":"product-type-variable"},"yoast_head":"<!-- This site is optimized with the Yoast SEO plugin v27.3 - https:\/\/yoast.com\/product\/yoast-seo-wordpress\/ -->\n<title>Pin\u00e7a lateral rodona inox per a barana d&#039;acer inoxidable<\/title>\n<meta name=\"description\" content=\"Subjecci\u00f3 lateral de paret acer inoxidable polit. Pin\u00e7a lateral rodona per a barana vidre i acer inoxidable. Accessoris per a baranes de vidre.\" \/>\n<meta name=\"robots\" content=\"index, follow, max-snippet:-1, max-image-preview:large, max-video-preview:-1\" \/>\n<link rel=\"canonical\" href=\"https:\/\/forjas2000barcelona.com\/ca\/producto\/pinca-lateral-rodona\/\" \/>\n<meta property=\"og:locale\" content=\"ca_ES\" \/>\n<meta property=\"og:type\" content=\"article\" \/>\n<meta property=\"og:title\" content=\"Pin\u00e7a lateral rodona inox per a barana d&#039;acer inoxidable\" \/>\n<meta property=\"og:description\" content=\"Subjecci\u00f3 lateral de paret acer inoxidable polit. Pin\u00e7a lateral rodona per a barana vidre i acer inoxidable. Accessoris per a baranes de vidre.\" \/>\n<meta property=\"og:url\" content=\"https:\/\/forjas2000barcelona.com\/ca\/producto\/pinca-lateral-rodona\/\" \/>\n<meta property=\"og:site_name\" content=\"Forjas 2000 - Barandillas escaleras acero inoxidable en Barcelona\" \/>\n<meta property=\"og:image\" content=\"https:\/\/forjas2000barcelona.com\/wp-content\/uploads\/2024\/04\/pinza-acero-inox-barandilla.jpg\" \/>\n\t<meta property=\"og:image:width\" content=\"800\" \/>\n\t<meta property=\"og:image:height\" content=\"611\" \/>\n\t<meta property=\"og:image:type\" content=\"image\/jpeg\" \/>\n<meta name=\"twitter:card\" content=\"summary_large_image\" \/>\n<script type=\"application\/ld+json\" class=\"yoast-schema-graph\">{\"@context\":\"https:\\\/\\\/schema.org\",\"@graph\":[{\"@type\":\"WebPage\",\"@id\":\"https:\\\/\\\/forjas2000barcelona.com\\\/ca\\\/producto\\\/pinca-lateral-rodona\\\/\",\"url\":\"https:\\\/\\\/forjas2000barcelona.com\\\/ca\\\/producto\\\/pinca-lateral-rodona\\\/\",\"name\":\"Pin\u00e7a lateral rodona inox per a barana d'acer inoxidable\",\"isPartOf\":{\"@id\":\"https:\\\/\\\/forjas2000barcelona.com\\\/#website\"},\"primaryImageOfPage\":{\"@id\":\"https:\\\/\\\/forjas2000barcelona.com\\\/ca\\\/producto\\\/pinca-lateral-rodona\\\/#primaryimage\"},\"image\":{\"@id\":\"https:\\\/\\\/forjas2000barcelona.com\\\/ca\\\/producto\\\/pinca-lateral-rodona\\\/#primaryimage\"},\"thumbnailUrl\":\"https:\\\/\\\/forjas2000barcelona.com\\\/wp-content\\\/uploads\\\/2024\\\/04\\\/pinza-acero-inox-barandilla.jpg\",\"datePublished\":\"2024-04-08T16:09:51+00:00\",\"description\":\"Subjecci\u00f3 lateral de paret acer inoxidable polit. Pin\u00e7a lateral rodona per a barana vidre i acer inoxidable. Accessoris per a baranes de vidre.\",\"breadcrumb\":{\"@id\":\"https:\\\/\\\/forjas2000barcelona.com\\\/ca\\\/producto\\\/pinca-lateral-rodona\\\/#breadcrumb\"},\"inLanguage\":\"ca\",\"potentialAction\":[{\"@type\":\"ReadAction\",\"target\":[\"https:\\\/\\\/forjas2000barcelona.com\\\/ca\\\/producto\\\/pinca-lateral-rodona\\\/\"]}]},{\"@type\":\"ImageObject\",\"inLanguage\":\"ca\",\"@id\":\"https:\\\/\\\/forjas2000barcelona.com\\\/ca\\\/producto\\\/pinca-lateral-rodona\\\/#primaryimage\",\"url\":\"https:\\\/\\\/forjas2000barcelona.com\\\/wp-content\\\/uploads\\\/2024\\\/04\\\/pinza-acero-inox-barandilla.jpg\",\"contentUrl\":\"https:\\\/\\\/forjas2000barcelona.com\\\/wp-content\\\/uploads\\\/2024\\\/04\\\/pinza-acero-inox-barandilla.jpg\",\"width\":800,\"height\":611,\"caption\":\"pin\u00e7a acer inox barana jpg\"},{\"@type\":\"BreadcrumbList\",\"@id\":\"https:\\\/\\\/forjas2000barcelona.com\\\/ca\\\/producto\\\/pinca-lateral-rodona\\\/#breadcrumb\",\"itemListElement\":[{\"@type\":\"ListItem\",\"position\":1,\"name\":\"Portada\",\"item\":\"https:\\\/\\\/forjas2000barcelona.com\\\/ca\\\/\"},{\"@type\":\"ListItem\",\"position\":2,\"name\":\"Tienda\",\"item\":\"https:\\\/\\\/forjas2000barcelona.com\\\/tienda\\\/\"},{\"@type\":\"ListItem\",\"position\":3,\"name\":\"Pin\u00e7a lateral rodona\"}]},{\"@type\":\"WebSite\",\"@id\":\"https:\\\/\\\/forjas2000barcelona.com\\\/#website\",\"url\":\"https:\\\/\\\/forjas2000barcelona.com\\\/\",\"name\":\"Forjas 2000 - Barandillas escaleras acero inoxidable en Barcelona\",\"description\":\"Elementos decorativos en acero inoxidable y forja tradicional. Barandillas de acero inoxidable en Barcelona. Forja y Lat\u00f3n en Barcelona.\",\"potentialAction\":[{\"@type\":\"SearchAction\",\"target\":{\"@type\":\"EntryPoint\",\"urlTemplate\":\"https:\\\/\\\/forjas2000barcelona.com\\\/?s={search_term_string}\"},\"query-input\":{\"@type\":\"PropertyValueSpecification\",\"valueRequired\":true,\"valueName\":\"search_term_string\"}}],\"inLanguage\":\"ca\"}]}<\/script>\n<!-- \/ Yoast SEO plugin. -->","yoast_head_json":{"title":"Pin\u00e7a lateral rodona inox per a barana d'acer inoxidable","description":"Subjecci\u00f3 lateral de paret acer inoxidable polit. Pin\u00e7a lateral rodona per a barana vidre i acer inoxidable. Accessoris per a baranes de vidre.","robots":{"index":"index","follow":"follow","max-snippet":"max-snippet:-1","max-image-preview":"max-image-preview:large","max-video-preview":"max-video-preview:-1"},"canonical":"https:\/\/forjas2000barcelona.com\/ca\/producto\/pinca-lateral-rodona\/","og_locale":"ca_ES","og_type":"article","og_title":"Pin\u00e7a lateral rodona inox per a barana d'acer inoxidable","og_description":"Subjecci\u00f3 lateral de paret acer inoxidable polit. Pin\u00e7a lateral rodona per a barana vidre i acer inoxidable. Accessoris per a baranes de vidre.","og_url":"https:\/\/forjas2000barcelona.com\/ca\/producto\/pinca-lateral-rodona\/","og_site_name":"Forjas 2000 - Barandillas escaleras acero inoxidable en Barcelona","og_image":[{"width":800,"height":611,"url":"https:\/\/forjas2000barcelona.com\/wp-content\/uploads\/2024\/04\/pinza-acero-inox-barandilla.jpg","type":"image\/jpeg"}],"twitter_card":"summary_large_image","schema":{"@context":"https:\/\/schema.org","@graph":[{"@type":"WebPage","@id":"https:\/\/forjas2000barcelona.com\/ca\/producto\/pinca-lateral-rodona\/","url":"https:\/\/forjas2000barcelona.com\/ca\/producto\/pinca-lateral-rodona\/","name":"Pin\u00e7a lateral rodona inox per a barana d'acer inoxidable","isPartOf":{"@id":"https:\/\/forjas2000barcelona.com\/#website"},"primaryImageOfPage":{"@id":"https:\/\/forjas2000barcelona.com\/ca\/producto\/pinca-lateral-rodona\/#primaryimage"},"image":{"@id":"https:\/\/forjas2000barcelona.com\/ca\/producto\/pinca-lateral-rodona\/#primaryimage"},"thumbnailUrl":"https:\/\/forjas2000barcelona.com\/wp-content\/uploads\/2024\/04\/pinza-acero-inox-barandilla.jpg","datePublished":"2024-04-08T16:09:51+00:00","description":"Subjecci\u00f3 lateral de paret acer inoxidable polit. Pin\u00e7a lateral rodona per a barana vidre i acer inoxidable. Accessoris per a baranes de vidre.","breadcrumb":{"@id":"https:\/\/forjas2000barcelona.com\/ca\/producto\/pinca-lateral-rodona\/#breadcrumb"},"inLanguage":"ca","potentialAction":[{"@type":"ReadAction","target":["https:\/\/forjas2000barcelona.com\/ca\/producto\/pinca-lateral-rodona\/"]}]},{"@type":"ImageObject","inLanguage":"ca","@id":"https:\/\/forjas2000barcelona.com\/ca\/producto\/pinca-lateral-rodona\/#primaryimage","url":"https:\/\/forjas2000barcelona.com\/wp-content\/uploads\/2024\/04\/pinza-acero-inox-barandilla.jpg","contentUrl":"https:\/\/forjas2000barcelona.com\/wp-content\/uploads\/2024\/04\/pinza-acero-inox-barandilla.jpg","width":800,"height":611,"caption":"pin\u00e7a acer inox barana jpg"},{"@type":"BreadcrumbList","@id":"https:\/\/forjas2000barcelona.com\/ca\/producto\/pinca-lateral-rodona\/#breadcrumb","itemListElement":[{"@type":"ListItem","position":1,"name":"Portada","item":"https:\/\/forjas2000barcelona.com\/ca\/"},{"@type":"ListItem","position":2,"name":"Tienda","item":"https:\/\/forjas2000barcelona.com\/tienda\/"},{"@type":"ListItem","position":3,"name":"Pin\u00e7a lateral rodona"}]},{"@type":"WebSite","@id":"https:\/\/forjas2000barcelona.com\/#website","url":"https:\/\/forjas2000barcelona.com\/","name":"Forjas 2000 - Barandillas escaleras acero inoxidable en Barcelona","description":"Elementos decorativos en acero inoxidable y forja tradicional. Barandillas de acero inoxidable en Barcelona. Forja y Lat\u00f3n en Barcelona.","potentialAction":[{"@type":"SearchAction","target":{"@type":"EntryPoint","urlTemplate":"https:\/\/forjas2000barcelona.com\/?s={search_term_string}"},"query-input":{"@type":"PropertyValueSpecification","valueRequired":true,"valueName":"search_term_string"}}],"inLanguage":"ca"}]}},"_links":{"self":[{"href":"https:\/\/forjas2000barcelona.com\/ca\/wp-json\/wp\/v2\/product\/8681","targetHints":{"allow":["GET"]}}],"collection":[{"href":"https:\/\/forjas2000barcelona.com\/ca\/wp-json\/wp\/v2\/product"}],"about":[{"href":"https:\/\/forjas2000barcelona.com\/ca\/wp-json\/wp\/v2\/types\/product"}],"replies":[{"embeddable":true,"href":"https:\/\/forjas2000barcelona.com\/ca\/wp-json\/wp\/v2\/comments?post=8681"}],"wp:featuredmedia":[{"embeddable":true,"href":"https:\/\/forjas2000barcelona.com\/ca\/wp-json\/wp\/v2\/media\/8096"}],"wp:attachment":[{"href":"https:\/\/forjas2000barcelona.com\/ca\/wp-json\/wp\/v2\/media?parent=8681"}],"wp:term":[{"taxonomy":"product_brand","embeddable":true,"href":"https:\/\/forjas2000barcelona.com\/ca\/wp-json\/wp\/v2\/product_brand?post=8681"},{"taxonomy":"product_cat","embeddable":true,"href":"https:\/\/forjas2000barcelona.com\/ca\/wp-json\/wp\/v2\/product_cat?post=8681"},{"taxonomy":"product_tag","embeddable":true,"href":"https:\/\/forjas2000barcelona.com\/ca\/wp-json\/wp\/v2\/product_tag?post=8681"}],"curies":[{"name":"wp","href":"https:\/\/api.w.org\/{rel}","templated":true}]}}