{"id":8768,"date":"2024-07-18T20:09:26","date_gmt":"2024-07-18T20:09:26","guid":{"rendered":"https:\/\/forjas2000barcelona.com\/empresa-forges-2000-barcelona\/"},"modified":"2024-08-01T21:59:51","modified_gmt":"2024-08-01T21:59:51","slug":"empresa-forges-2000-barcelona","status":"publish","type":"page","link":"https:\/\/forjas2000barcelona.com\/ca\/empresa-forges-2000-barcelona\/","title":{"rendered":"Empresa Forges 2000 Barcelona"},"content":{"rendered":"[vc_row type=&#8221;full_width_content&#8221; full_screen_row_position=&#8221;middle&#8221; column_margin=&#8221;default&#8221; equal_height=&#8221;yes&#8221; content_placement=&#8221;middle&#8221; column_direction=&#8221;default&#8221; column_direction_tablet=&#8221;default&#8221; column_direction_phone=&#8221;column_reverse&#8221; bg_color=&#8221;#f4f2f2&#8243; scene_position=&#8221;center&#8221; bottom_margin=&#8221;0&#8243; bottom_margin_phone=&#8221;7&#8243; text_color=&#8221;dark&#8221; text_align=&#8221;left&#8221; row_border_radius=&#8221;none&#8221; row_border_radius_applies=&#8221;bg&#8221; overflow=&#8221;visible&#8221; overlay_strength=&#8221;0.3&#8243; gradient_direction=&#8221;left_to_right&#8221; shape_divider_position=&#8221;bottom&#8221; bg_image_animation=&#8221;none&#8221; gradient_type=&#8221;default&#8221; shape_type=&#8221;&#8221;][vc_column column_padding=&#8221;no-extra-padding&#8221; column_padding_tablet=&#8221;inherit&#8221; column_padding_phone=&#8221;inherit&#8221; column_padding_position=&#8221;all&#8221; column_element_direction_desktop=&#8221;default&#8221; column_element_spacing=&#8221;default&#8221; desktop_text_alignment=&#8221;default&#8221; tablet_text_alignment=&#8221;default&#8221; phone_text_alignment=&#8221;default&#8221; background_color_opacity=&#8221;1&#8243; background_hover_color_opacity=&#8221;1&#8243; background_image=&#8221;7614&#8243; background_image_position=&#8221;center center&#8221; background_image_stacking=&#8221;default&#8221; background_image_loading=&#8221;default&#8221; column_backdrop_filter=&#8221;none&#8221; column_shadow=&#8221;none&#8221; column_border_radius=&#8221;none&#8221; column_link_target=&#8221;_self&#8221; column_position=&#8221;default&#8221; gradient_direction=&#8221;left_to_right&#8221; overlay_strength=&#8221;0.3&#8243; width=&#8221;1\/2&#8243; tablet_width_inherit=&#8221;default&#8221; animation_type=&#8221;default&#8221; bg_image_animation=&#8221;none&#8221; border_type=&#8221;simple&#8221; column_border_width=&#8221;none&#8221; column_border_style=&#8221;solid&#8221; column_padding_type=&#8221;default&#8221; gradient_type=&#8221;default&#8221;][\/vc_column][vc_column column_padding=&#8221;padding-5-percent&#8221; column_padding_tablet=&#8221;inherit&#8221; column_padding_phone=&#8221;inherit&#8221; column_padding_position=&#8221;all&#8221; column_element_direction_desktop=&#8221;default&#8221; column_element_spacing=&#8221;default&#8221; desktop_text_alignment=&#8221;default&#8221; tablet_text_alignment=&#8221;default&#8221; phone_text_alignment=&#8221;default&#8221; background_color_opacity=&#8221;1&#8243; background_hover_color_opacity=&#8221;1&#8243; column_backdrop_filter=&#8221;none&#8221; column_shadow=&#8221;none&#8221; column_border_radius=&#8221;none&#8221; column_link_target=&#8221;_self&#8221; column_position=&#8221;default&#8221; gradient_direction=&#8221;left_to_right&#8221; overlay_strength=&#8221;0.3&#8243; width=&#8221;1\/2&#8243; tablet_width_inherit=&#8221;default&#8221; animation_type=&#8221;default&#8221; bg_image_animation=&#8221;none&#8221; border_type=&#8221;simple&#8221; column_border_width=&#8221;none&#8221; column_border_style=&#8221;solid&#8221; column_padding_type=&#8221;default&#8221; gradient_type=&#8221;default&#8221;][vc_row_inner column_margin=&#8221;default&#8221; column_direction=&#8221;default&#8221; column_direction_tablet=&#8221;default&#8221; column_direction_phone=&#8221;default&#8221; text_align=&#8221;left&#8221; row_position=&#8221;default&#8221; row_position_tablet=&#8221;inherit&#8221; row_position_phone=&#8221;inherit&#8221; overflow=&#8221;visible&#8221; pointer_events=&#8221;all&#8221;][vc_column_inner column_padding=&#8221;no-extra-padding&#8221; column_padding_tablet=&#8221;inherit&#8221; column_padding_phone=&#8221;inherit&#8221; column_padding_position=&#8221;all&#8221; column_element_direction_desktop=&#8221;default&#8221; column_element_spacing=&#8221;default&#8221; desktop_text_alignment=&#8221;default&#8221; tablet_text_alignment=&#8221;default&#8221; phone_text_alignment=&#8221;default&#8221; background_color_opacity=&#8221;1&#8243; background_hover_color_opacity=&#8221;1&#8243; column_backdrop_filter=&#8221;none&#8221; column_shadow=&#8221;none&#8221; column_border_radius=&#8221;none&#8221; column_link_target=&#8221;_self&#8221; overflow=&#8221;visible&#8221; gradient_direction=&#8221;left_to_right&#8221; overlay_strength=&#8221;0.3&#8243; width=&#8221;1\/1&#8243; tablet_width_inherit=&#8221;default&#8221; animation_type=&#8221;default&#8221; enable_animation=&#8221;true&#8221; animation=&#8221;fade-in-from-bottom&#8221; animation_easing=&#8221;default&#8221; bg_image_animation=&#8221;none&#8221; border_type=&#8221;simple&#8221; column_border_width=&#8221;none&#8221; column_border_style=&#8221;solid&#8221;][vc_custom_heading text=&#8221;Donem un valor afegit al vostre habitatge o local !!!&#8221; font_container=&#8221;tag:h5|text_align:left|color:%2300ade6&#8243; use_theme_fonts=&#8221;yes&#8221;][vc_custom_heading text=&#8221;Forges 2000 Barcelona&#8221; font_container=&#8221;tag:h2|text_align:left|color:%234b4c4d&#8221; use_theme_fonts=&#8221;yes&#8221; css=&#8221;.vc_custom_1721298134196{margin-top: 0px !important;padding-top: 0px !important;}&#8221;][vc_column_text css=&#8221;.vc_custom_1721333481054{margin-bottom: 0px !important;padding-top: 14px !important;padding-bottom: 0px !important;}&#8221; text_direction=&#8221;default&#8221;]\n<div class=\"wpb_text_column wpb_content_element vc_custom_1710012409622\">\n<div class=\"wpb_wrapper\">  Som una empresa nacional dedicada a la fabricaci\u00f3 i comercialitzaci\u00f3 d&#8217;elements decoratius i de seguretat en forja, acer inoxidable, fosa, llaut\u00f3, cromats\u2026..etc\u2026. Des de la nostra oficina t\u00e8cnica <strong>a Sant Cugat del Vall\u00e8s<\/strong> us assessorarem i acompanyarem en el desenvolupament dels vostres projectes. Entenem que la professionalitat, l&#8217;agilitat i un tracte proper s\u00f3n indispensables per a un resultat d&#8217;\u00e8xit. Amb el gran suport de la nostra f\u00e0brica a Talavera de la Reina amb unes instal\u00b7lacions de 11.500 mts. realitzem tota la nostra gesti\u00f3 log\u00edstica i fabricaci\u00f3 dels articles dels nostres cat\u00e0legs, essent possible modificar qualitats i cotes per poder garantir el millor servei en el menor temps possible, sense oblidar els acabats i remats finals que ens identifiquen. A Forjas 2000 Barcelona estem en constant evoluci\u00f3, intentant ser fidels a l&#8217;estil que ens caracteritza i per aix\u00f2 des del 2002 ens ha fet estar com un dels fabricants i distribu\u00efdors m\u00e9s importants del moment.  <strong>Sabem com n&#8217;\u00e9s d&#8217;important una bona elecci\u00f3, aqu\u00ed estarem per guiar-los.<\/strong><\/p>\n<\/div>\n<\/div>\n[\/vc_column_text][\/vc_column_inner][\/vc_row_inner][\/vc_column][\/vc_row]\n","protected":false},"excerpt":{"rendered":"<p>[vc_row type=&#8221;full_width_content&#8221; full_screen_row_position=&#8221;middle&#8221; column_margin=&#8221;default&#8221; equal_height=&#8221;yes&#8221; content_placement=&#8221;middle&#8221; column_direction=&#8221;default&#8221; column_direction_tablet=&#8221;default&#8221; column_direction_phone=&#8221;column_reverse&#8221; bg_color=&#8221;#f4f2f2&#8243; scene_position=&#8221;center&#8221; bottom_margin=&#8221;0&#8243; bottom_margin_phone=&#8221;7&#8243; text_color=&#8221;dark&#8221; text_align=&#8221;left&#8221; row_border_radius=&#8221;none&#8221; row_border_radius_applies=&#8221;bg&#8221; overflow=&#8221;visible&#8221; overlay_strength=&#8221;0.3&#8243; gradient_direction=&#8221;left_to_right&#8221; shape_divider_position=&#8221;bottom&#8221; bg_image_animation=&#8221;none&#8221; gradient_type=&#8221;default&#8221; shape_type=&#8221;&#8221;][vc_column column_padding=&#8221;no-extra-padding&#8221; column_padding_tablet=&#8221;inherit&#8221; column_padding_phone=&#8221;inherit&#8221; column_padding_position=&#8221;all&#8221; column_element_direction_desktop=&#8221;default&#8221; column_element_spacing=&#8221;default&#8221;&#8230;<\/p>\n","protected":false},"author":1,"featured_media":8300,"parent":0,"menu_order":0,"comment_status":"closed","ping_status":"closed","template":"","meta":{"footnotes":""},"class_list":["post-8768","page","type-page","status-publish","has-post-thumbnail"],"yoast_head":"<!-- This site is optimized with the Yoast SEO plugin v27.5 - https:\/\/yoast.com\/product\/yoast-seo-wordpress\/ -->\n<title>Forges 2000 - forja, acer inoxidable, fosa, llaut\u00f3, cromats<\/title>\n<meta name=\"description\" content=\"Empresa nacional fabricaci\u00f3 i comercialitzaci\u00f3 d&#039;elements decoratius i de seguretat en forja, acer inoxidable, fosa, llaut\u00f3, cromat\" \/>\n<meta name=\"robots\" content=\"index, follow, max-snippet:-1, max-image-preview:large, max-video-preview:-1\" \/>\n<link rel=\"canonical\" href=\"https:\/\/forjas2000barcelona.com\/ca\/empresa-forges-2000-barcelona\/\" \/>\n<meta property=\"og:locale\" content=\"ca_ES\" \/>\n<meta property=\"og:type\" content=\"article\" \/>\n<meta property=\"og:title\" content=\"Forges 2000 - forja, acer inoxidable, fosa, llaut\u00f3, cromats\" \/>\n<meta property=\"og:description\" content=\"Empresa nacional fabricaci\u00f3 i comercialitzaci\u00f3 d&#039;elements decoratius i de seguretat en forja, acer inoxidable, fosa, llaut\u00f3, cromat\" \/>\n<meta property=\"og:url\" content=\"https:\/\/forjas2000barcelona.com\/ca\/empresa-forges-2000-barcelona\/\" \/>\n<meta property=\"og:site_name\" content=\"Forjas 2000 - Barandillas escaleras acero inoxidable en Barcelona\" \/>\n<meta property=\"article:modified_time\" content=\"2024-08-01T21:59:51+00:00\" \/>\n<meta property=\"og:image\" content=\"https:\/\/forjas2000barcelona.com\/wp-content\/uploads\/2024\/07\/empresa-forjas-2000.jpg\" \/>\n\t<meta property=\"og:image:width\" content=\"1000\" \/>\n\t<meta property=\"og:image:height\" content=\"700\" \/>\n\t<meta property=\"og:image:type\" content=\"image\/jpeg\" \/>\n<meta name=\"twitter:card\" content=\"summary_large_image\" \/>\n<meta name=\"twitter:label1\" content=\"Temps estimat de lectura\" \/>\n\t<meta name=\"twitter:data1\" content=\"3 minuts\" \/>\n<script type=\"application\/ld+json\" class=\"yoast-schema-graph\">{\"@context\":\"https:\\\/\\\/schema.org\",\"@graph\":[{\"@type\":\"WebPage\",\"@id\":\"https:\\\/\\\/forjas2000barcelona.com\\\/ca\\\/empresa-forges-2000-barcelona\\\/\",\"url\":\"https:\\\/\\\/forjas2000barcelona.com\\\/ca\\\/empresa-forges-2000-barcelona\\\/\",\"name\":\"Forges 2000 - forja, acer inoxidable, fosa, llaut\u00f3, cromats\",\"isPartOf\":{\"@id\":\"https:\\\/\\\/forjas2000barcelona.com\\\/#website\"},\"primaryImageOfPage\":{\"@id\":\"https:\\\/\\\/forjas2000barcelona.com\\\/ca\\\/empresa-forges-2000-barcelona\\\/#primaryimage\"},\"image\":{\"@id\":\"https:\\\/\\\/forjas2000barcelona.com\\\/ca\\\/empresa-forges-2000-barcelona\\\/#primaryimage\"},\"thumbnailUrl\":\"https:\\\/\\\/forjas2000barcelona.com\\\/wp-content\\\/uploads\\\/2024\\\/07\\\/empresa-forjas-2000.jpg\",\"datePublished\":\"2024-07-18T20:09:26+00:00\",\"dateModified\":\"2024-08-01T21:59:51+00:00\",\"description\":\"Empresa nacional fabricaci\u00f3 i comercialitzaci\u00f3 d'elements decoratius i de seguretat en forja, acer inoxidable, fosa, llaut\u00f3, cromat\",\"breadcrumb\":{\"@id\":\"https:\\\/\\\/forjas2000barcelona.com\\\/ca\\\/empresa-forges-2000-barcelona\\\/#breadcrumb\"},\"inLanguage\":\"ca\",\"potentialAction\":[{\"@type\":\"ReadAction\",\"target\":[\"https:\\\/\\\/forjas2000barcelona.com\\\/ca\\\/empresa-forges-2000-barcelona\\\/\"]}]},{\"@type\":\"ImageObject\",\"inLanguage\":\"ca\",\"@id\":\"https:\\\/\\\/forjas2000barcelona.com\\\/ca\\\/empresa-forges-2000-barcelona\\\/#primaryimage\",\"url\":\"https:\\\/\\\/forjas2000barcelona.com\\\/wp-content\\\/uploads\\\/2024\\\/07\\\/empresa-forjas-2000.jpg\",\"contentUrl\":\"https:\\\/\\\/forjas2000barcelona.com\\\/wp-content\\\/uploads\\\/2024\\\/07\\\/empresa-forjas-2000.jpg\",\"width\":1000,\"height\":700,\"caption\":\"empresa forjas 2000\"},{\"@type\":\"BreadcrumbList\",\"@id\":\"https:\\\/\\\/forjas2000barcelona.com\\\/ca\\\/empresa-forges-2000-barcelona\\\/#breadcrumb\",\"itemListElement\":[{\"@type\":\"ListItem\",\"position\":1,\"name\":\"Portada\",\"item\":\"https:\\\/\\\/forjas2000barcelona.com\\\/ca\\\/\"},{\"@type\":\"ListItem\",\"position\":2,\"name\":\"Empresa Forges 2000 Barcelona\"}]},{\"@type\":\"WebSite\",\"@id\":\"https:\\\/\\\/forjas2000barcelona.com\\\/#website\",\"url\":\"https:\\\/\\\/forjas2000barcelona.com\\\/\",\"name\":\"Forjas 2000 - Barandillas escaleras acero inoxidable en Barcelona\",\"description\":\"Elementos decorativos en acero inoxidable y forja tradicional. Barandillas de acero inoxidable en Barcelona. Forja y Lat\u00f3n en Barcelona.\",\"potentialAction\":[{\"@type\":\"SearchAction\",\"target\":{\"@type\":\"EntryPoint\",\"urlTemplate\":\"https:\\\/\\\/forjas2000barcelona.com\\\/?s={search_term_string}\"},\"query-input\":{\"@type\":\"PropertyValueSpecification\",\"valueRequired\":true,\"valueName\":\"search_term_string\"}}],\"inLanguage\":\"ca\"}]}<\/script>\n<!-- \/ Yoast SEO plugin. -->","yoast_head_json":{"title":"Forges 2000 - forja, acer inoxidable, fosa, llaut\u00f3, cromats","description":"Empresa nacional fabricaci\u00f3 i comercialitzaci\u00f3 d'elements decoratius i de seguretat en forja, acer inoxidable, fosa, llaut\u00f3, cromat","robots":{"index":"index","follow":"follow","max-snippet":"max-snippet:-1","max-image-preview":"max-image-preview:large","max-video-preview":"max-video-preview:-1"},"canonical":"https:\/\/forjas2000barcelona.com\/ca\/empresa-forges-2000-barcelona\/","og_locale":"ca_ES","og_type":"article","og_title":"Forges 2000 - forja, acer inoxidable, fosa, llaut\u00f3, cromats","og_description":"Empresa nacional fabricaci\u00f3 i comercialitzaci\u00f3 d'elements decoratius i de seguretat en forja, acer inoxidable, fosa, llaut\u00f3, cromat","og_url":"https:\/\/forjas2000barcelona.com\/ca\/empresa-forges-2000-barcelona\/","og_site_name":"Forjas 2000 - Barandillas escaleras acero inoxidable en Barcelona","article_modified_time":"2024-08-01T21:59:51+00:00","og_image":[{"width":1000,"height":700,"url":"https:\/\/forjas2000barcelona.com\/wp-content\/uploads\/2024\/07\/empresa-forjas-2000.jpg","type":"image\/jpeg"}],"twitter_card":"summary_large_image","twitter_misc":{"Temps estimat de lectura":"3 minuts"},"schema":{"@context":"https:\/\/schema.org","@graph":[{"@type":"WebPage","@id":"https:\/\/forjas2000barcelona.com\/ca\/empresa-forges-2000-barcelona\/","url":"https:\/\/forjas2000barcelona.com\/ca\/empresa-forges-2000-barcelona\/","name":"Forges 2000 - forja, acer inoxidable, fosa, llaut\u00f3, cromats","isPartOf":{"@id":"https:\/\/forjas2000barcelona.com\/#website"},"primaryImageOfPage":{"@id":"https:\/\/forjas2000barcelona.com\/ca\/empresa-forges-2000-barcelona\/#primaryimage"},"image":{"@id":"https:\/\/forjas2000barcelona.com\/ca\/empresa-forges-2000-barcelona\/#primaryimage"},"thumbnailUrl":"https:\/\/forjas2000barcelona.com\/wp-content\/uploads\/2024\/07\/empresa-forjas-2000.jpg","datePublished":"2024-07-18T20:09:26+00:00","dateModified":"2024-08-01T21:59:51+00:00","description":"Empresa nacional fabricaci\u00f3 i comercialitzaci\u00f3 d'elements decoratius i de seguretat en forja, acer inoxidable, fosa, llaut\u00f3, cromat","breadcrumb":{"@id":"https:\/\/forjas2000barcelona.com\/ca\/empresa-forges-2000-barcelona\/#breadcrumb"},"inLanguage":"ca","potentialAction":[{"@type":"ReadAction","target":["https:\/\/forjas2000barcelona.com\/ca\/empresa-forges-2000-barcelona\/"]}]},{"@type":"ImageObject","inLanguage":"ca","@id":"https:\/\/forjas2000barcelona.com\/ca\/empresa-forges-2000-barcelona\/#primaryimage","url":"https:\/\/forjas2000barcelona.com\/wp-content\/uploads\/2024\/07\/empresa-forjas-2000.jpg","contentUrl":"https:\/\/forjas2000barcelona.com\/wp-content\/uploads\/2024\/07\/empresa-forjas-2000.jpg","width":1000,"height":700,"caption":"empresa forjas 2000"},{"@type":"BreadcrumbList","@id":"https:\/\/forjas2000barcelona.com\/ca\/empresa-forges-2000-barcelona\/#breadcrumb","itemListElement":[{"@type":"ListItem","position":1,"name":"Portada","item":"https:\/\/forjas2000barcelona.com\/ca\/"},{"@type":"ListItem","position":2,"name":"Empresa Forges 2000 Barcelona"}]},{"@type":"WebSite","@id":"https:\/\/forjas2000barcelona.com\/#website","url":"https:\/\/forjas2000barcelona.com\/","name":"Forjas 2000 - Barandillas escaleras acero inoxidable en Barcelona","description":"Elementos decorativos en acero inoxidable y forja tradicional. Barandillas de acero inoxidable en Barcelona. Forja y Lat\u00f3n en Barcelona.","potentialAction":[{"@type":"SearchAction","target":{"@type":"EntryPoint","urlTemplate":"https:\/\/forjas2000barcelona.com\/?s={search_term_string}"},"query-input":{"@type":"PropertyValueSpecification","valueRequired":true,"valueName":"search_term_string"}}],"inLanguage":"ca"}]}},"_links":{"self":[{"href":"https:\/\/forjas2000barcelona.com\/ca\/wp-json\/wp\/v2\/pages\/8768","targetHints":{"allow":["GET"]}}],"collection":[{"href":"https:\/\/forjas2000barcelona.com\/ca\/wp-json\/wp\/v2\/pages"}],"about":[{"href":"https:\/\/forjas2000barcelona.com\/ca\/wp-json\/wp\/v2\/types\/page"}],"author":[{"embeddable":true,"href":"https:\/\/forjas2000barcelona.com\/ca\/wp-json\/wp\/v2\/users\/1"}],"replies":[{"embeddable":true,"href":"https:\/\/forjas2000barcelona.com\/ca\/wp-json\/wp\/v2\/comments?post=8768"}],"version-history":[{"count":6,"href":"https:\/\/forjas2000barcelona.com\/ca\/wp-json\/wp\/v2\/pages\/8768\/revisions"}],"predecessor-version":[{"id":8781,"href":"https:\/\/forjas2000barcelona.com\/ca\/wp-json\/wp\/v2\/pages\/8768\/revisions\/8781"}],"wp:featuredmedia":[{"embeddable":true,"href":"https:\/\/forjas2000barcelona.com\/ca\/wp-json\/wp\/v2\/media\/8300"}],"wp:attachment":[{"href":"https:\/\/forjas2000barcelona.com\/ca\/wp-json\/wp\/v2\/media?parent=8768"}],"curies":[{"name":"wp","href":"https:\/\/api.w.org\/{rel}","templated":true}]}}