{"id":8474,"date":"2023-06-22T11:47:03","date_gmt":"2023-06-22T11:47:03","guid":{"rendered":"https:\/\/forjas2000barcelona.com\/avis-legal\/"},"modified":"2024-08-01T23:23:57","modified_gmt":"2024-08-01T23:23:57","slug":"avis-legal","status":"publish","type":"page","link":"https:\/\/forjas2000barcelona.com\/ca\/avis-legal\/","title":{"rendered":"Av\u00eds legal"},"content":{"rendered":"[vc_row type=&#8221;in_container&#8221; full_screen_row_position=&#8221;middle&#8221; column_margin=&#8221;default&#8221; column_direction=&#8221;default&#8221; column_direction_tablet=&#8221;default&#8221; column_direction_phone=&#8221;default&#8221; scene_position=&#8221;center&#8221; text_color=&#8221;dark&#8221; text_align=&#8221;left&#8221; row_border_radius=&#8221;none&#8221; row_border_radius_applies=&#8221;bg&#8221; overflow=&#8221;visible&#8221; overlay_strength=&#8221;0.3&#8243; gradient_direction=&#8221;left_to_right&#8221; shape_divider_position=&#8221;bottom&#8221; bg_image_animation=&#8221;none&#8221;][vc_column column_padding=&#8221;no-extra-padding&#8221; column_padding_tablet=&#8221;inherit&#8221; column_padding_phone=&#8221;inherit&#8221; column_padding_position=&#8221;all&#8221; column_element_direction_desktop=&#8221;default&#8221; column_element_spacing=&#8221;default&#8221; desktop_text_alignment=&#8221;default&#8221; tablet_text_alignment=&#8221;default&#8221; phone_text_alignment=&#8221;default&#8221; background_color_opacity=&#8221;1&#8243; background_hover_color_opacity=&#8221;1&#8243; column_backdrop_filter=&#8221;none&#8221; column_shadow=&#8221;none&#8221; column_border_radius=&#8221;none&#8221; column_link_target=&#8221;_self&#8221; column_position=&#8221;default&#8221; gradient_direction=&#8221;left_to_right&#8221; overlay_strength=&#8221;0.3&#8243; width=&#8221;1\/1&#8243; tablet_width_inherit=&#8221;default&#8221; animation_type=&#8221;default&#8221; bg_image_animation=&#8221;none&#8221; border_type=&#8221;simple&#8221; column_border_width=&#8221;none&#8221; column_border_style=&#8221;solid&#8221;][vc_column_text css=&#8221;&#8221; text_direction=&#8221;default&#8221;]\n<p>Para dar cumplimiento con lo establecido en la Ley 34\/2002, de 11 de julio, de servicios de la sociedad de la informaci\u00f3n y de comercio electr\u00f3nico, a continuaci\u00f3n se indican los datos de informaci\u00f3n general de este sitio web:<\/p>\n<ul>\n<li>Titular: FORJES 2000 BARCELONA SL<\/li>\n<li>Adre\u00e7a: Avda. Cerdanyola 79-81 Edifici INBISA II 08172 Sant Cugat del Vall\u00e8s &#8211; Barcelona<\/li>\n<li>Contacte: Telf.: 937 479 067, Email: bcn@forjas2000.com<\/li>\n<li>NIF: B63888184<\/li>\n<\/ul>\n<p><strong>Legislaci\u00f3n<\/strong> <br \/>Con car\u00e1cter general las relaciones entre FORJAS 2000 BARCELONA S.L. con los Usuarios de los servicios presentes en este sitio\u00a0 web se encuentran sometidas a la legislaci\u00f3n y jurisdicci\u00f3n espa\u00f1olas. Uso y acceso de Usuarios El Usuario queda informado y acepta que el acceso a la presente web no supone, en modo alguno, el inicio de una relaci\u00f3n comercial con FORJAS 2000 BARCELONA S.L. o cualquiera de sus delegaciones (en el caso de que las hubiera). Propiedad intelectual e industrial Los derechos de propiedad intelectual del contenido de la p\u00e1ginas web, su dise\u00f1o gr\u00e1fico y c\u00f3digos, son titularidad de FORJAS 2000 BARCELONA S.L. y, por tanto, queda prohibida su reproducci\u00f3n, distribuci\u00f3n, comunicaci\u00f3n p\u00fablica, transformaci\u00f3n o cualquier otra actividad que se pueda realizar con los contenidos de sus p\u00e1ginas web ni a\u00fan citando las fuentes, salvo consentimiento por escrito de FORJAS 2000 BARCELONA S.L.<\/p>\n<p><strong>Contenido de la web y enlaces (links)<\/strong><br \/>FORJAS 2000 BARCELONA S.L. se reserva el derecho a actualizar, modificar o eliminar la informaci\u00f3n contenida en su p\u00e1gina web pudiendo incluso limitar o no permitir el acceso a dicha informaci\u00f3n a ciertos usuarios. FORJAS 2000 BARCELONA SL no assumeix cap responsabilitat per la informaci\u00f3 continguda en p\u00e0gines web de tercers a les quals es pugui accedir per \u201clinks\u201d o enlla\u00e7os des de qualsevol p\u00e0gina web propietat de FORJAS 2000 BARCELONA SL. La pres\u00e8ncia de \u201clinks\u201d o enlla\u00e7os a les p\u00e0gines web de FORJAS 2000 BARCELONA SL t\u00e9 finalitat merament informativa i en cap cas suposa suggeriment, invitaci\u00f3 o recomanaci\u00f3 sobre aquests. Per aix\u00f2, tant el present Av\u00eds com la Pol\u00edtica de Privadesa nom\u00e9s s\u00f3n aplicables a la p\u00e0gina web de FORJAS 2000 BARCELONA SL i no es garanteix en els accessos a trav\u00e9s d&#8217;enlla\u00e7os amb aquest lloc, ni als enlla\u00e7os des d&#8217;aquest lloc amb altres webs .<\/p>\n[\/vc_column_text][\/vc_column][\/vc_row]\n","protected":false},"excerpt":{"rendered":"<p>[vc_row type=&#8221;in_container&#8221; full_screen_row_position=&#8221;middle&#8221; column_margin=&#8221;default&#8221; column_direction=&#8221;default&#8221; column_direction_tablet=&#8221;default&#8221; column_direction_phone=&#8221;default&#8221; scene_position=&#8221;center&#8221; text_color=&#8221;dark&#8221; text_align=&#8221;left&#8221; row_border_radius=&#8221;none&#8221; row_border_radius_applies=&#8221;bg&#8221; overflow=&#8221;visible&#8221; overlay_strength=&#8221;0.3&#8243; gradient_direction=&#8221;left_to_right&#8221; shape_divider_position=&#8221;bottom&#8221; bg_image_animation=&#8221;none&#8221;][vc_column column_padding=&#8221;no-extra-padding&#8221; column_padding_tablet=&#8221;inherit&#8221; column_padding_phone=&#8221;inherit&#8221; column_padding_position=&#8221;all&#8221; column_element_direction_desktop=&#8221;default&#8221; column_element_spacing=&#8221;default&#8221; desktop_text_alignment=&#8221;default&#8221; tablet_text_alignment=&#8221;default&#8221; phone_text_alignment=&#8221;default&#8221; background_color_opacity=&#8221;1&#8243; background_hover_color_opacity=&#8221;1&#8243; column_backdrop_filter=&#8221;none&#8221; column_shadow=&#8221;none&#8221;&#8230;<\/p>\n","protected":false},"author":1,"featured_media":0,"parent":0,"menu_order":0,"comment_status":"closed","ping_status":"closed","template":"","meta":{"footnotes":""},"class_list":["post-8474","page","type-page","status-publish"],"yoast_head":"<!-- This site is optimized with the Yoast SEO plugin v27.5 - https:\/\/yoast.com\/product\/yoast-seo-wordpress\/ -->\n<title>Av\u00eds legal<\/title>\n<meta name=\"description\" content=\"Av\u00eds legal Forges 2000 Barcelona\" \/>\n<meta name=\"robots\" content=\"noindex, nofollow\" \/>\n<meta property=\"og:locale\" content=\"ca_ES\" \/>\n<meta property=\"og:type\" content=\"article\" \/>\n<meta property=\"og:title\" content=\"Av\u00eds legal\" \/>\n<meta property=\"og:description\" content=\"Av\u00eds legal Forges 2000 Barcelona\" \/>\n<meta property=\"og:url\" content=\"https:\/\/forjas2000barcelona.com\/ca\/avis-legal\/\" \/>\n<meta property=\"og:site_name\" content=\"Forjas 2000 - Barandillas escaleras acero inoxidable en Barcelona\" \/>\n<meta property=\"article:modified_time\" content=\"2024-08-01T23:23:57+00:00\" \/>\n<meta name=\"twitter:card\" content=\"summary_large_image\" \/>\n<meta name=\"twitter:label1\" content=\"Temps estimat de lectura\" \/>\n\t<meta name=\"twitter:data1\" content=\"2 minuts\" \/>\n<script type=\"application\/ld+json\" class=\"yoast-schema-graph\">{\"@context\":\"https:\\\/\\\/schema.org\",\"@graph\":[{\"@type\":\"WebPage\",\"@id\":\"https:\\\/\\\/forjas2000barcelona.com\\\/ca\\\/avis-legal\\\/\",\"url\":\"https:\\\/\\\/forjas2000barcelona.com\\\/ca\\\/avis-legal\\\/\",\"name\":\"Av\u00eds legal\",\"isPartOf\":{\"@id\":\"https:\\\/\\\/forjas2000barcelona.com\\\/#website\"},\"datePublished\":\"2023-06-22T11:47:03+00:00\",\"dateModified\":\"2024-08-01T23:23:57+00:00\",\"description\":\"Av\u00eds legal Forges 2000 Barcelona\",\"breadcrumb\":{\"@id\":\"https:\\\/\\\/forjas2000barcelona.com\\\/ca\\\/avis-legal\\\/#breadcrumb\"},\"inLanguage\":\"ca\",\"potentialAction\":[{\"@type\":\"ReadAction\",\"target\":[\"https:\\\/\\\/forjas2000barcelona.com\\\/ca\\\/avis-legal\\\/\"]}]},{\"@type\":\"BreadcrumbList\",\"@id\":\"https:\\\/\\\/forjas2000barcelona.com\\\/ca\\\/avis-legal\\\/#breadcrumb\",\"itemListElement\":[{\"@type\":\"ListItem\",\"position\":1,\"name\":\"Portada\",\"item\":\"https:\\\/\\\/forjas2000barcelona.com\\\/ca\\\/\"},{\"@type\":\"ListItem\",\"position\":2,\"name\":\"Av\u00eds legal\"}]},{\"@type\":\"WebSite\",\"@id\":\"https:\\\/\\\/forjas2000barcelona.com\\\/#website\",\"url\":\"https:\\\/\\\/forjas2000barcelona.com\\\/\",\"name\":\"Forjas 2000 - Barandillas escaleras acero inoxidable en Barcelona\",\"description\":\"Elementos decorativos en acero inoxidable y forja tradicional. Barandillas de acero inoxidable en Barcelona. Forja y Lat\u00f3n en Barcelona.\",\"potentialAction\":[{\"@type\":\"SearchAction\",\"target\":{\"@type\":\"EntryPoint\",\"urlTemplate\":\"https:\\\/\\\/forjas2000barcelona.com\\\/?s={search_term_string}\"},\"query-input\":{\"@type\":\"PropertyValueSpecification\",\"valueRequired\":true,\"valueName\":\"search_term_string\"}}],\"inLanguage\":\"ca\"}]}<\/script>\n<!-- \/ Yoast SEO plugin. -->","yoast_head_json":{"title":"Av\u00eds legal","description":"Av\u00eds legal Forges 2000 Barcelona","robots":{"index":"noindex","follow":"nofollow"},"og_locale":"ca_ES","og_type":"article","og_title":"Av\u00eds legal","og_description":"Av\u00eds legal Forges 2000 Barcelona","og_url":"https:\/\/forjas2000barcelona.com\/ca\/avis-legal\/","og_site_name":"Forjas 2000 - Barandillas escaleras acero inoxidable en Barcelona","article_modified_time":"2024-08-01T23:23:57+00:00","twitter_card":"summary_large_image","twitter_misc":{"Temps estimat de lectura":"2 minuts"},"schema":{"@context":"https:\/\/schema.org","@graph":[{"@type":"WebPage","@id":"https:\/\/forjas2000barcelona.com\/ca\/avis-legal\/","url":"https:\/\/forjas2000barcelona.com\/ca\/avis-legal\/","name":"Av\u00eds legal","isPartOf":{"@id":"https:\/\/forjas2000barcelona.com\/#website"},"datePublished":"2023-06-22T11:47:03+00:00","dateModified":"2024-08-01T23:23:57+00:00","description":"Av\u00eds legal Forges 2000 Barcelona","breadcrumb":{"@id":"https:\/\/forjas2000barcelona.com\/ca\/avis-legal\/#breadcrumb"},"inLanguage":"ca","potentialAction":[{"@type":"ReadAction","target":["https:\/\/forjas2000barcelona.com\/ca\/avis-legal\/"]}]},{"@type":"BreadcrumbList","@id":"https:\/\/forjas2000barcelona.com\/ca\/avis-legal\/#breadcrumb","itemListElement":[{"@type":"ListItem","position":1,"name":"Portada","item":"https:\/\/forjas2000barcelona.com\/ca\/"},{"@type":"ListItem","position":2,"name":"Av\u00eds legal"}]},{"@type":"WebSite","@id":"https:\/\/forjas2000barcelona.com\/#website","url":"https:\/\/forjas2000barcelona.com\/","name":"Forjas 2000 - Barandillas escaleras acero inoxidable en Barcelona","description":"Elementos decorativos en acero inoxidable y forja tradicional. Barandillas de acero inoxidable en Barcelona. Forja y Lat\u00f3n en Barcelona.","potentialAction":[{"@type":"SearchAction","target":{"@type":"EntryPoint","urlTemplate":"https:\/\/forjas2000barcelona.com\/?s={search_term_string}"},"query-input":{"@type":"PropertyValueSpecification","valueRequired":true,"valueName":"search_term_string"}}],"inLanguage":"ca"}]}},"_links":{"self":[{"href":"https:\/\/forjas2000barcelona.com\/ca\/wp-json\/wp\/v2\/pages\/8474","targetHints":{"allow":["GET"]}}],"collection":[{"href":"https:\/\/forjas2000barcelona.com\/ca\/wp-json\/wp\/v2\/pages"}],"about":[{"href":"https:\/\/forjas2000barcelona.com\/ca\/wp-json\/wp\/v2\/types\/page"}],"author":[{"embeddable":true,"href":"https:\/\/forjas2000barcelona.com\/ca\/wp-json\/wp\/v2\/users\/1"}],"replies":[{"embeddable":true,"href":"https:\/\/forjas2000barcelona.com\/ca\/wp-json\/wp\/v2\/comments?post=8474"}],"version-history":[{"count":5,"href":"https:\/\/forjas2000barcelona.com\/ca\/wp-json\/wp\/v2\/pages\/8474\/revisions"}],"predecessor-version":[{"id":8998,"href":"https:\/\/forjas2000barcelona.com\/ca\/wp-json\/wp\/v2\/pages\/8474\/revisions\/8998"}],"wp:attachment":[{"href":"https:\/\/forjas2000barcelona.com\/ca\/wp-json\/wp\/v2\/media?parent=8474"}],"curies":[{"name":"wp","href":"https:\/\/api.w.org\/{rel}","templated":true}]}}